{"id":1818,"date":"2020-08-13T13:06:16","date_gmt":"2020-08-13T11:06:16","guid":{"rendered":"http:\/\/art-pegas.com\/bratislava\/?page_id=1818"},"modified":"2025-05-05T17:58:59","modified_gmt":"2025-05-05T15:58:59","slug":"dokumenty","status":"publish","type":"page","link":"https:\/\/art-pegas.com\/bratislava\/dokumenty\/","title":{"rendered":"D\u00f4le\u017eit\u00e9 dokumenty"},"content":{"rendered":"<p>[vc_row][vc_column]<div class=\"sc_section\"><div class=\"sc_section_inner\"><h2 class=\"sc_title sc_title_regular\" style=\"margin-top:0px;\">D\u00f4le\u017eit\u00e9 dokumenty<\/p>\n<div id=\"gtx-trans\" style=\"position: absolute; left: -107px; top: -8.8px;\">\n<div class=\"gtx-trans-icon\">&nbsp;<\/div>\n<\/div>\n<p><\/h2><div class=\"sc_line sc_line_style_solid\" style=\"border-top-style:solid;\"><\/div><a href=\"http:\/\/art-pegas.com\/bratislava\/wp-content\/uploads\/2024\/05\/prihlaska-ba-univerz-2024.pdf\" class=\"sc_button sc_button_square sc_button_style_filled  sc_button_bg_link sc_button_size_large\">Prihl\u00e1\u0161ka na \u0161t\u00fadium (.pdf)<\/a><a href=\"http:\/\/art-pegas.com\/bratislava\/wp-content\/uploads\/2025\/05\/suhlas-zakonneho-zastupcu-GDPR.pdf\" class=\"sc_button sc_button_square sc_button_style_filled  sc_button_bg_link sc_button_size_large\">Prihl\u00e1\u0161ka na \u0161t\u00fadium &#8211; druh\u00e1 strana (.pdf)<\/a><div class=\"sc_line sc_line_style_solid\" style=\"border-top-style:solid;\"><\/div><a href=\"http:\/\/art-pegas.com\/bratislava\/wp-content\/uploads\/2022\/04\/odhlaska-ART-PEGAS-\u2013-Bratislava.pdf\" class=\"sc_button sc_button_square sc_button_style_filled  sc_button_bg_link sc_button_size_large\">Odhl\u00e1\u0161ka (.PDF)<\/a><\/div><\/div>[\/vc_column][\/vc_row][vc_row][vc_column]<div class=\"sc_section\" style=\"margin-top:2em !important;\"><div class=\"sc_section_inner\"><\/div><\/div>[\/vc_column][\/vc_row]<\/p>\n","protected":false},"excerpt":{"rendered":"<p>[vc_row][vc_column][\/vc_column][\/vc_row][vc_row][vc_column][\/vc_column][\/vc_row]<\/p>\n","protected":false},"author":1,"featured_media":0,"parent":0,"menu_order":0,"comment_status":"open","ping_status":"open","template":"","meta":{"ngg_post_thumbnail":0,"_links_to":"","_links_to_target":""},"_links":{"self":[{"href":"https:\/\/art-pegas.com\/bratislava\/wp-json\/wp\/v2\/pages\/1818"}],"collection":[{"href":"https:\/\/art-pegas.com\/bratislava\/wp-json\/wp\/v2\/pages"}],"about":[{"href":"https:\/\/art-pegas.com\/bratislava\/wp-json\/wp\/v2\/types\/page"}],"author":[{"embeddable":true,"href":"https:\/\/art-pegas.com\/bratislava\/wp-json\/wp\/v2\/users\/1"}],"replies":[{"embeddable":true,"href":"https:\/\/art-pegas.com\/bratislava\/wp-json\/wp\/v2\/comments?post=1818"}],"version-history":[{"count":18,"href":"https:\/\/art-pegas.com\/bratislava\/wp-json\/wp\/v2\/pages\/1818\/revisions"}],"predecessor-version":[{"id":2885,"href":"https:\/\/art-pegas.com\/bratislava\/wp-json\/wp\/v2\/pages\/1818\/revisions\/2885"}],"wp:attachment":[{"href":"https:\/\/art-pegas.com\/bratislava\/wp-json\/wp\/v2\/media?parent=1818"}],"curies":[{"name":"wp","href":"https:\/\/api.w.org\/{rel}","templated":true}]}}