{"id":2038,"date":"2021-02-08T08:30:22","date_gmt":"2021-02-08T07:30:22","guid":{"rendered":"http:\/\/art-pegas.com\/bratislava\/?page_id=2038"},"modified":"2021-02-08T08:31:15","modified_gmt":"2021-02-08T07:31:15","slug":"online-vyucovanie-video","status":"publish","type":"page","link":"https:\/\/art-pegas.com\/bratislava\/online-vyucovanie-video\/","title":{"rendered":"Sprievodca online hodinami &#8211; video"},"content":{"rendered":"<p>[vc_row][vc_column]<div class=\"sc_content content_wrap\" style=\"margin-top:5.45em !important;margin-bottom:5.35em !important;\"><div class=\"sc_line sc_line_style_solid\" style=\"border-top-style:solid;\"><\/div><div class=\"columns_wrap sc_columns columns_nofluid sc_columns_count_2 big_columns\"><div class=\"column-1_2 sc_column_item sc_column_item_1 odd first\"><video class=\"sc_video\" src=\"https:\/\/youtube.com\/embed\/SNd-3MtS68w\" width=\"100%\" height=\"\" data-width=\"100%\" data-height=\"\" data-ratio=\"16:9\" poster=\"http:\/\/i1.ytimg.com\/vi\/SNd-3MtS68w\/maxresdefault.jpg\" data-image=\"http:\/\/i1.ytimg.com\/vi\/SNd-3MtS68w\/maxresdefault.jpg\" style=\"width:100%;\" autoplay=\"autoplay\" controls=\"controls\" loop=\"loop\"><\/video><\/div><div class=\"column-1_2 sc_column_item sc_column_item_2 paddingleft even\"><h3 class=\"sc_title sc_title_dotted\">Online vyu\u010dovanie<\/h3><div class=\"sc_section\" style=\"margin-top:2.05em !important;\"><div class=\"sc_section_inner\">[vc_column_text]Mil\u00ed \u017eiaci, rodi\u010dia, priatelia SZU\u0160 ART PEGAS,<\/p>\n<p>prin\u00e1\u0161ame v\u00e1m uk\u00e1\u017eky z prostredia online vzdel\u00e1vania. Ak ste zvedav\u00ed ako tak\u00e1to forma vyu\u010dovania prebieha, nahliadnite na mal\u00fa chv\u00ed\u013eu do online hod\u00edn v\u0161etk\u00fdch na\u0161ich odborov.&nbsp;<\/p>\n<p>T\u00fdmto sa chceme po\u010fakova\u0165 v\u0161etk\u00fdm na\u0161im \u017eiakom, rodi\u010dom a pedag\u00f3gom, za prejaven\u00fd z\u00e1ujem, trpezlivos\u0165 a \u00fastretovos\u0165 pri online vzdel\u00e1van\u00ed s aj na\u010falej v\u00fdborne podan\u00fdmi v\u00fdkonmi&nbsp;<img class=\"emoji\" role=\"img\" draggable=\"false\" src=\"https:\/\/s.w.org\/images\/core\/emoji\/13.0.0\/svg\/1f642.svg\" alt=\"\ud83d\ude42\"><\/p>\n<p>&nbsp;<\/p>\n<p>Va\u0161a SZU\u0160 ART PEGAS&nbsp;[\/vc_column_text]<\/div><\/div><\/div><\/div><\/div>[\/vc_column][\/vc_row][vc_row][vc_column]<!-- #TRX_GAP_START# --><div class=\"sc_section\" style=\"background-image:url(http:\/\/239);\"><div class=\"sc_section_inner\"><div class=\"sc_section_overlay\" style=\"\"><div class=\"sc_section_content\"><div class=\"sc_content content_wrap\" style=\"margin-top:4.3em !important;margin-bottom:4.25em !important;\"><div id=\"sc_testimonials_618146985\" class=\"sc_testimonials sc_testimonials_style_testimonials-2  sc_slider_nopagination sc_slider_controls sc_slider_controls_side sc_slider_swiper swiper-slider-container aligncenter\" data-animation=\"animated fadeInUp normal\" data-interval=\"8746\" style=\"width:100%;\"><div class=\"slides swiper-wrapper\"><div class=\"swiper-slide\" data-style=\"width:100%;\" style=\"width:100%;\">\t\t\t<div id=\"sc_testimonials_618146985_1\" class=\"sc_testimonial_item\">\n\t\t\t\t<div class=\"sc_testimonial_content\">Dom\u00e1ca atmosf\u00e9ra, priate\u013esk\u00fd a z\u00e1rove\u0148 profesion\u00e1lny pr\u00edstup.<\/div>\n                \t\t\t\t\t\t\t\t<div class=\"sc_testimonial_author\"><span class=\"sc_testimonial_author_name\">Mirka Stupkova<\/span><span class=\"sc_testimonial_author_position\">, b\u00fdvala \u0161tudentka<\/span><\/div>\n\t\t\t\t\t\t\t<\/div>\n\t\t<\/div><div class=\"swiper-slide\" data-style=\"width:100%;\" style=\"width:100%;\">\t\t\t<div id=\"sc_testimonials_618146985_2\" class=\"sc_testimonial_item\">\n\t\t\t\t<div class=\"sc_testimonial_content\">Folkl\u00f3rny s\u00fabor Kolovrat je \u00fa\u017easn\u00e9 teleso kde som na\u0161la pr\u00edle\u017eitos\u0165 sebarealiz\u00e1cie vo vy\u0161\u0161om veku.<\/div>\n                \t\t\t\t\t\t\t\t<div class=\"sc_testimonial_author\"><span class=\"sc_testimonial_author_name\">So\u0148a Petr\u00e1\u0161ov\u00e1<\/span><span class=\"sc_testimonial_author_position\">, \u010dlenka FS Kolovrat<\/span><\/div>\n\t\t\t\t\t\t\t<\/div>\n\t\t<\/div><div class=\"swiper-slide\" data-style=\"width:100%;\" style=\"width:100%;\">\t\t\t<div id=\"sc_testimonials_618146985_3\" class=\"sc_testimonial_item\">\n\t\t\t\t<div class=\"sc_testimonial_content\">...odpor\u00fa\u010dam nav\u0161tevova\u0165 Artpegas nielen kv\u00f4li kvalitn\u00fdm hodin\u00e1m, ktor\u00e9 mi v\u017edy ve\u013ea daj\u00fa, ale aj z\u00e1\u017eitkom, super akci\u00e1m...<\/div>\n                \t\t\t\t\t\t\t\t<div class=\"sc_testimonial_author\"><span class=\"sc_testimonial_author_name\">Benjam\u00edn Kuruc<\/span><span class=\"sc_testimonial_author_position\">, \u0161tudent<\/span><\/div>\n\t\t\t\t\t\t\t<\/div>\n\t\t<\/div><\/div><div class=\"sc_slider_controls_wrap\"><a class=\"sc_slider_prev\" href=\"#\"><\/a><a class=\"sc_slider_next\" href=\"#\"><\/a><\/div><div class=\"sc_slider_pagination_wrap\"><\/div><\/div><\/div><\/div><\/div><\/div><\/div><!-- #TRX_GAP_END# -->[\/vc_column][\/vc_row]<\/p>\n","protected":false},"excerpt":{"rendered":"<p>[vc_row][vc_column][\/vc_column][\/vc_row][vc_row][vc_column][\/vc_column][\/vc_row]<\/p>\n","protected":false},"author":1,"featured_media":0,"parent":0,"menu_order":0,"comment_status":"open","ping_status":"open","template":"","meta":{"ngg_post_thumbnail":0,"_links_to":"","_links_to_target":""},"_links":{"self":[{"href":"https:\/\/art-pegas.com\/bratislava\/wp-json\/wp\/v2\/pages\/2038"}],"collection":[{"href":"https:\/\/art-pegas.com\/bratislava\/wp-json\/wp\/v2\/pages"}],"about":[{"href":"https:\/\/art-pegas.com\/bratislava\/wp-json\/wp\/v2\/types\/page"}],"author":[{"embeddable":true,"href":"https:\/\/art-pegas.com\/bratislava\/wp-json\/wp\/v2\/users\/1"}],"replies":[{"embeddable":true,"href":"https:\/\/art-pegas.com\/bratislava\/wp-json\/wp\/v2\/comments?post=2038"}],"version-history":[{"count":2,"href":"https:\/\/art-pegas.com\/bratislava\/wp-json\/wp\/v2\/pages\/2038\/revisions"}],"predecessor-version":[{"id":2040,"href":"https:\/\/art-pegas.com\/bratislava\/wp-json\/wp\/v2\/pages\/2038\/revisions\/2040"}],"wp:attachment":[{"href":"https:\/\/art-pegas.com\/bratislava\/wp-json\/wp\/v2\/media?parent=2038"}],"curies":[{"name":"wp","href":"https:\/\/api.w.org\/{rel}","templated":true}]}}