{"id":2069,"date":"2021-03-29T19:52:46","date_gmt":"2021-03-29T17:52:46","guid":{"rendered":"http:\/\/art-pegas.com\/bratislava\/?page_id=2069"},"modified":"2021-03-29T19:54:17","modified_gmt":"2021-03-29T17:54:17","slug":"ldo-online-hodiny-video","status":"publish","type":"page","link":"https:\/\/art-pegas.com\/bratislava\/ldo-online-hodiny-video\/","title":{"rendered":"LDO- online hodiny- video"},"content":{"rendered":"<p>[vc_row][vc_column]<div class=\"sc_content content_wrap\" style=\"margin-top:5.45em !important;margin-bottom:5.35em !important;\"><div class=\"sc_line sc_line_style_solid\" style=\"border-top-style:solid;\"><\/div><div class=\"columns_wrap sc_columns columns_nofluid sc_columns_count_2 big_columns\"><div class=\"column-1_2 sc_column_item sc_column_item_1 odd first\"><video class=\"sc_video\" src=\"https:\/\/youtube.com\/embed\/GIUSy-eDbKg\" width=\"100%\" height=\"\" data-width=\"100%\" data-height=\"\" data-ratio=\"16:9\" poster=\"http:\/\/i1.ytimg.com\/vi\/GIUSy-eDbKg\/maxresdefault.jpg\" data-image=\"http:\/\/i1.ytimg.com\/vi\/GIUSy-eDbKg\/maxresdefault.jpg\" style=\"width:100%;\" autoplay=\"autoplay\" controls=\"controls\" loop=\"loop\"><\/video><video class=\"sc_video\" src=\"https:\/\/youtube.com\/embed\/4-Egk8f56h0\" width=\"100%\" height=\"\" data-width=\"100%\" data-height=\"\" data-ratio=\"16:9\" poster=\"http:\/\/i1.ytimg.com\/vi\/4-Egk8f56h0\/maxresdefault.jpg\" data-image=\"http:\/\/i1.ytimg.com\/vi\/4-Egk8f56h0\/maxresdefault.jpg\" style=\"width:100%;\" autoplay=\"autoplay\" controls=\"controls\" loop=\"loop\"><\/video><\/div><div class=\"column-1_2 sc_column_item sc_column_item_2 paddingleft even\"><h3 class=\"sc_title sc_title_dotted\">Online vyu\u010dovanie<\/h3><div class=\"sc_section\" style=\"margin-top:2.05em !important;\"><div class=\"sc_section_inner\">[vc_column_text]Mil\u00ed \u017eiaci, rodi\u010dia, priatelia SZU\u0160 ART PEGAS,<\/p>\n<p>prin\u00e1\u0161ame v\u00e1m uk\u00e1\u017eku z online hod\u00edn liter\u00e1rno-dramatick\u00e9ho odboru. Pozrite si divadeln\u00e9 sc\u00e9ny s v\u00fdborn\u00fdmi hereck\u00fdmi v\u00fdkonmi na\u0161ich \u0161ikovn\u00fdch \u017eiakov. Aj ke\u010f st\u00e1le prebieha vyu\u010dovanie v online forme, s trpezlivos\u0165ou a snahou pani u\u010dite\u013eky a jej \u017eiakov vznikaj\u00fa tak\u00e9to skvel\u00e9 v\u00fdstupy.&nbsp;<\/p>\n<p>Prajeme na\u0161im pedag\u00f3gom i \u017eiakom ve\u013ea s\u00edl, energie a trpezlivosti pri online vyu\u010dovan\u00ed \ud83d\ude42<\/p>\n<p>Ur\u010dite nezabudnite klikn\u00fa\u0165 a prezrie\u0165 si obe vide\u00e1 z online hod\u00edn LDO.<\/p>\n<p>Va\u0161a SZU\u0160 ART PEGAS&nbsp;[\/vc_column_text]<\/div><\/div><\/div><\/div><\/div>[\/vc_column][\/vc_row][vc_row][vc_column]<!-- #TRX_GAP_START# --><div class=\"sc_section\" style=\"background-image:url(http:\/\/239);\"><div class=\"sc_section_inner\"><div class=\"sc_section_overlay\" style=\"\"><div class=\"sc_section_content\"><div class=\"sc_content content_wrap\" style=\"margin-top:4.3em !important;margin-bottom:4.25em !important;\"><div id=\"sc_testimonials_938464193\" class=\"sc_testimonials sc_testimonials_style_testimonials-2  sc_slider_nopagination sc_slider_controls sc_slider_controls_side sc_slider_swiper swiper-slider-container aligncenter\" data-animation=\"animated fadeInUp normal\" data-interval=\"5199\" style=\"width:100%;\"><div class=\"slides swiper-wrapper\"><div class=\"swiper-slide\" data-style=\"width:100%;\" style=\"width:100%;\">\t\t\t<div id=\"sc_testimonials_938464193_1\" class=\"sc_testimonial_item\">\n\t\t\t\t<div class=\"sc_testimonial_content\">Dom\u00e1ca atmosf\u00e9ra, priate\u013esk\u00fd a z\u00e1rove\u0148 profesion\u00e1lny pr\u00edstup.<\/div>\n                \t\t\t\t\t\t\t\t<div class=\"sc_testimonial_author\"><span class=\"sc_testimonial_author_name\">Mirka Stupkova<\/span><span class=\"sc_testimonial_author_position\">, b\u00fdvala \u0161tudentka<\/span><\/div>\n\t\t\t\t\t\t\t<\/div>\n\t\t<\/div><div class=\"swiper-slide\" data-style=\"width:100%;\" style=\"width:100%;\">\t\t\t<div id=\"sc_testimonials_938464193_2\" class=\"sc_testimonial_item\">\n\t\t\t\t<div class=\"sc_testimonial_content\">Folkl\u00f3rny s\u00fabor Kolovrat je \u00fa\u017easn\u00e9 teleso kde som na\u0161la pr\u00edle\u017eitos\u0165 sebarealiz\u00e1cie vo vy\u0161\u0161om veku.<\/div>\n                \t\t\t\t\t\t\t\t<div class=\"sc_testimonial_author\"><span class=\"sc_testimonial_author_name\">So\u0148a Petr\u00e1\u0161ov\u00e1<\/span><span class=\"sc_testimonial_author_position\">, \u010dlenka FS Kolovrat<\/span><\/div>\n\t\t\t\t\t\t\t<\/div>\n\t\t<\/div><div class=\"swiper-slide\" data-style=\"width:100%;\" style=\"width:100%;\">\t\t\t<div id=\"sc_testimonials_938464193_3\" class=\"sc_testimonial_item\">\n\t\t\t\t<div class=\"sc_testimonial_content\">...odpor\u00fa\u010dam nav\u0161tevova\u0165 Artpegas nielen kv\u00f4li kvalitn\u00fdm hodin\u00e1m, ktor\u00e9 mi v\u017edy ve\u013ea daj\u00fa, ale aj z\u00e1\u017eitkom, super akci\u00e1m...<\/div>\n                \t\t\t\t\t\t\t\t<div class=\"sc_testimonial_author\"><span class=\"sc_testimonial_author_name\">Benjam\u00edn Kuruc<\/span><span class=\"sc_testimonial_author_position\">, \u0161tudent<\/span><\/div>\n\t\t\t\t\t\t\t<\/div>\n\t\t<\/div><\/div><div class=\"sc_slider_controls_wrap\"><a class=\"sc_slider_prev\" href=\"#\"><\/a><a class=\"sc_slider_next\" href=\"#\"><\/a><\/div><div class=\"sc_slider_pagination_wrap\"><\/div><\/div><\/div><\/div><\/div><\/div><\/div><!-- #TRX_GAP_END# -->[\/vc_column][\/vc_row]<\/p>\n","protected":false},"excerpt":{"rendered":"<p>[vc_row][vc_column][\/vc_column][\/vc_row][vc_row][vc_column][\/vc_column][\/vc_row]<\/p>\n","protected":false},"author":1,"featured_media":0,"parent":0,"menu_order":0,"comment_status":"open","ping_status":"open","template":"","meta":{"ngg_post_thumbnail":0,"_links_to":"","_links_to_target":""},"_links":{"self":[{"href":"https:\/\/art-pegas.com\/bratislava\/wp-json\/wp\/v2\/pages\/2069"}],"collection":[{"href":"https:\/\/art-pegas.com\/bratislava\/wp-json\/wp\/v2\/pages"}],"about":[{"href":"https:\/\/art-pegas.com\/bratislava\/wp-json\/wp\/v2\/types\/page"}],"author":[{"embeddable":true,"href":"https:\/\/art-pegas.com\/bratislava\/wp-json\/wp\/v2\/users\/1"}],"replies":[{"embeddable":true,"href":"https:\/\/art-pegas.com\/bratislava\/wp-json\/wp\/v2\/comments?post=2069"}],"version-history":[{"count":2,"href":"https:\/\/art-pegas.com\/bratislava\/wp-json\/wp\/v2\/pages\/2069\/revisions"}],"predecessor-version":[{"id":2071,"href":"https:\/\/art-pegas.com\/bratislava\/wp-json\/wp\/v2\/pages\/2069\/revisions\/2071"}],"wp:attachment":[{"href":"https:\/\/art-pegas.com\/bratislava\/wp-json\/wp\/v2\/media?parent=2069"}],"curies":[{"name":"wp","href":"https:\/\/api.w.org\/{rel}","templated":true}]}}