{"id":2453,"date":"2023-07-17T16:39:13","date_gmt":"2023-07-17T14:39:13","guid":{"rendered":"http:\/\/art-pegas.com\/bratislava\/?page_id=2453"},"modified":"2026-01-20T15:21:16","modified_gmt":"2026-01-20T14:21:16","slug":"darujte-2-skole","status":"publish","type":"page","link":"https:\/\/art-pegas.com\/bratislava\/darujte-2-skole\/","title":{"rendered":"Darujte 2% \u0161kole"},"content":{"rendered":"<h3>V\u00e1\u017een\u00ed rodi\u010dia a priatelia \u0161koly, mil\u00ed kolegovia, pridajte sa k n\u00e1m Va\u0161imi 2% a podporte v\u00fdchovu umen\u00edm.<\/h3>\n<blockquote><p>S\u00fakromn\u00e1 z\u00e1kladn\u00e1 umeleck\u00e1 \u0161kola ART PEGAS je \u0161kolou, ktor\u00e1 sa venuje umeleck\u00e9mu vzdel\u00e1vaniu deti, ml\u00e1de\u017ee i dospel\u00fdch. Atrakt\u00edvny u\u010debn\u00fd pl\u00e1n a tvoriv\u00fd pr\u00edstup vysoko kvalifikovan\u00fdch pedag\u00f3gov vych\u00e1dza v \u00fastrety \u0161irok\u00e9mu z\u00e1ujmu s\u00fa\u010dasn\u00fdch \u017eiakov, ktor\u00ed sa uvedomuj\u00fa v\u00fdznam umenia, &nbsp;cenia si a re\u0161pektuj\u00fa kult\u00farno-historick\u00e9 dedi\u010dstvo a \u013eudov\u00e9 trad\u00edcie.&nbsp;<\/p><\/blockquote>\n<p>V\u010faka Va\u0161ej podpore sa m\u00f4\u017eeme p\u00fd\u0161i\u0165 Detsk\u00fdm folkl\u00f3rnym s\u00faborom Vretienkom, Folkl\u00f3rnym s\u00faborom Kolovrat, \u013eudovou hudbou, &#8230;&nbsp; Aj v\u010faka V\u00e1m sme mohli &nbsp;uskuto\u010dni\u0165 mno\u017estvo koncertov, v\u00fdstav, tane\u010dn\u00fdch vyst\u00fapen\u00ed a zapoji\u0165 sa do v\u00fdznamn\u00fdch kult\u00farnych podujat\u00ed a s\u00fa\u0165a\u017e\u00ed, kde sme \u00faspe\u0161ne reprezentovali. \u00daspechy na\u0161ej \u0161koly a na\u0161ich \u017eiakov s\u00fa nespo\u010detn\u00e9 aj v\u010faka podpore Va\u0161ich 2%. Aj v\u010faka V\u00e1m m\u00f4\u017eeme r\u00e1s\u0165 a v\u00fdznamne nap\u013a\u0148a\u0165 kult\u00farno-v\u00fdchovn\u00e9 poslanie. Ve\u013ek\u00e1 v\u010faka patr\u00ed v\u0161etk\u00fdm, ktor\u00ed v minulosti pouk\u00e1zali 2 % svojej dane a ver\u00edm, \u017ee n\u00e1m aj na\u010falej zachov\u00e1te priaze\u0148.<\/p>\n<p><em>Zria\u010fovate\u013eka Vikt\u00f3ria Lacov\u00e1<\/em><\/p>\n<hr>\n<div>&nbsp;<\/div>\n<div>\n<div>\n<ol>\n<li><strong>Vypl\u0148te \u201eVyhl\u00e1senie o pouk\u00e1zan\u00ed 2 % z dane\u201c.<\/strong><strong>16. 2. 2026<\/strong>&nbsp;\u2013 do tohto term\u00ednu po\u017eiadajte zamestn\u00e1vate\u013ea o vykonanie ro\u010dn\u00e9ho z\u00fa\u010dtovania. N\u00e1sledne po\u017eiadajte zamestn\u00e1vate\u013ea o vystavenie \u201ePotvrdenia o zaplaten\u00ed dane\u201c.<strong>30. 4. 2026<\/strong>&nbsp;\u2013 do tohto term\u00ednu osobne doru\u010dte alebo za\u0161lite po\u0161tou obe tla\u010div\u00e1 \/Vyhl\u00e1senie a Potvrdenie o zaplaten\u00ed dane\/ na pr\u00edslu\u0161n\u00fd da\u0148ov\u00fd \u00farad v mieste v\u00e1\u0161ho bydliska.<em>Pozn\u00e1mka:&nbsp;<\/em><strong><em>Mo\u017enos\u0165 darova\u0165 2% neziskov\u00fdm organiz\u00e1ci\u00e1m zost\u00e1va zachovan\u00e1.<\/em><\/strong><em>&nbsp;Zamestnanec m\u00f4\u017ee na\u010falej darova\u0165&nbsp;<\/em><strong><em>2 %<\/em><\/strong><em>&nbsp;(alebo&nbsp;3 %&nbsp;pri dobrovo\u013en\u00edctve) ob\u010dianskemu zdru\u017eeniu. Prib\u00fada mo\u017enos\u0165 poskytn\u00fa\u0165&nbsp;2 % z&nbsp;dane aj ka\u017ed\u00e9mu rodi\u010dovi \u2013 poberate\u013eovi d\u00f4chodku. V&nbsp;praxi to znamen\u00e1, \u017ee v&nbsp;jednom roku m\u00f4\u017ee zamestnanec spolu prerozdeli\u0165 a\u017e&nbsp;<\/em><strong><em>6 % z&nbsp;dane:&nbsp;2 %&nbsp;otcovi,&nbsp;2 %&nbsp;mame a&nbsp;2 % neziskovej organiz\u00e1cii.<\/em><\/strong><em>&nbsp;V\u00fd\u0161ka darovanej sumy predstavuje minim\u00e1lne 3 \u20ac.<\/em><\/li>\n<\/ol>\n<\/div>\n<div><span style=\"color: #000000;\">&nbsp;Adresu pr\u00edslu\u0161n\u00e9ho da\u0148ov\u00e9ho \u00faradu n\u00e1jdete tu:<\/span>&nbsp;<a href=\"https:\/\/www.financnasprava.sk\/sk\/elektronicke-sluzby\/verejne-sluzby\/zistenie-miestnej-prislusnost\" target=\"_blank\" rel=\"noopener noreferrer\" data-saferedirecturl=\"https:\/\/www.google.com\/url?q=https:\/\/www.financnasprava.sk\/sk\/elektronicke-sluzby\/verejne-sluzby\/zistenie-miestnej-prislusnost&amp;source=gmail&amp;ust=1643119338885000&amp;usg=AOvVaw2NgCEawIKAwW_el539KvDV\">https:\/\/www.<wbr>financnasprava.sk\/sk\/<wbr>elektronicke-sluzby\/verejne-<wbr>sluzby\/zistenie-miestnej-<wbr>prislusnost<\/a><\/div>\n<div>&nbsp;<\/div>\n<\/div>\n<hr>\n<p>Dokumenty na stiahnutie:<\/p>\n<h3><a href=\"http:\/\/art-pegas.com\/bratislava\/wp-content\/uploads\/2026\/01\/vyhlasenie-na-dane.pdf\">&nbsp; <\/a><a href=\"http:\/\/art-pegas.com\/bratislava\/wp-content\/uploads\/2026\/01\/vyhlasenie-na-dane.pdf\"><img loading=\"lazy\" class=\"wp-image-373 size-full alignleft\" src=\"http:\/\/art-pegas.com\/bratislava\/wp-content\/uploads\/2015\/07\/acrobat.png\" alt=\"\" width=\"28\" height=\"33\"><\/a><a href=\"http:\/\/art-pegas.com\/bratislava\/wp-content\/uploads\/2026\/01\/vyhlasenie-na-dane.pdf\">VYHL\u00c1SENIE o pouk\u00e1zan\u00ed sumy do v\u00fd\u0161ky 2% zapl. dane<\/a><\/h3>\n<h3><a href=\"http:\/\/art-pegas.com\/bratislava\/wp-content\/uploads\/2026\/01\/potvrdenie-na-2perc-dane.pdf\">Potvrdenie o zaplaten\u00ed dane z pr\u00edjmov<\/a><a href=\"http:\/\/art-pegas.com\/bratislava\/wp-content\/uploads\/2026\/01\/potvrdenie-na-2perc-dane.pdf\"><img loading=\"lazy\" class=\"wp-image-373 alignleft\" src=\"http:\/\/art-pegas.com\/bratislava\/wp-content\/uploads\/2015\/07\/acrobat.png\" alt=\"\" width=\"29\" height=\"34\"><\/a><\/h3>\n<h3>&nbsp;<\/h3>\n<h3>&nbsp;<\/h3>\n","protected":false},"excerpt":{"rendered":"<p>V\u00e1\u017een\u00ed rodi\u010dia a priatelia \u0161koly, mil\u00ed kolegovia, pridajte sa k n\u00e1m Va\u0161imi 2% a podporte v\u00fdchovu umen\u00edm. S\u00fakromn\u00e1 z\u00e1kladn\u00e1 umeleck\u00e1 \u0161kola ART PEGAS je \u0161kolou, ktor\u00e1 sa venuje umeleck\u00e9mu vzdel\u00e1vaniu [&hellip;]<\/p>\n","protected":false},"author":1,"featured_media":0,"parent":0,"menu_order":0,"comment_status":"open","ping_status":"open","template":"","meta":{"ngg_post_thumbnail":0,"_links_to":"","_links_to_target":""},"_links":{"self":[{"href":"https:\/\/art-pegas.com\/bratislava\/wp-json\/wp\/v2\/pages\/2453"}],"collection":[{"href":"https:\/\/art-pegas.com\/bratislava\/wp-json\/wp\/v2\/pages"}],"about":[{"href":"https:\/\/art-pegas.com\/bratislava\/wp-json\/wp\/v2\/types\/page"}],"author":[{"embeddable":true,"href":"https:\/\/art-pegas.com\/bratislava\/wp-json\/wp\/v2\/users\/1"}],"replies":[{"embeddable":true,"href":"https:\/\/art-pegas.com\/bratislava\/wp-json\/wp\/v2\/comments?post=2453"}],"version-history":[{"count":17,"href":"https:\/\/art-pegas.com\/bratislava\/wp-json\/wp\/v2\/pages\/2453\/revisions"}],"predecessor-version":[{"id":3427,"href":"https:\/\/art-pegas.com\/bratislava\/wp-json\/wp\/v2\/pages\/2453\/revisions\/3427"}],"wp:attachment":[{"href":"https:\/\/art-pegas.com\/bratislava\/wp-json\/wp\/v2\/media?parent=2453"}],"curies":[{"name":"wp","href":"https:\/\/api.w.org\/{rel}","templated":true}]}}