{"id":2531,"date":"2024-02-11T15:52:39","date_gmt":"2024-02-11T14:52:39","guid":{"rendered":"http:\/\/art-pegas.com\/bratislava\/?page_id=2531"},"modified":"2024-02-12T16:35:48","modified_gmt":"2024-02-12T15:35:48","slug":"vo-pohyblive-obrazky","status":"publish","type":"page","link":"https:\/\/art-pegas.com\/bratislava\/vo-pohyblive-obrazky\/","title":{"rendered":"VO- pohybliv\u00e9 obr\u00e1zky"},"content":{"rendered":"<p><!--[if lt IE 9]><script>document.createElement('video');<\/script><![endif]-->\n\t<div class=\"wp-playlist wp-video-playlist wp-playlist-light\">\n\t\t<video controls=\"controls\" preload=\"none\" width=\"\n\t\t\t\t1148\t\"\n\t height=\"631\"\t><\/video>\n\t<div class=\"wp-playlist-next\"><\/div>\n\t<div class=\"wp-playlist-prev\"><\/div>\n\t<noscript>\n\t<ol>\n\t<li><a href='https:\/\/art-pegas.com\/bratislava\/wp-content\/uploads\/2024\/02\/video-e5678087b66f7c7a5dae85e0b17a8a52-v.mp4'>video-e5678087b66f7c7a5dae85e0b17a8a52-v<\/a><\/li><li><a href='https:\/\/art-pegas.com\/bratislava\/wp-content\/uploads\/2024\/02\/video-a9752896301e1876971a3bad9ebfd600-v.mp4'>video-a9752896301e1876971a3bad9ebfd600-v<\/a><\/li><li><a href='https:\/\/art-pegas.com\/bratislava\/wp-content\/uploads\/2024\/02\/video-88ebbed81dae1fc8bad98e586abc8a53-v.mp4'>video-88ebbed81dae1fc8bad98e586abc8a53-v<\/a><\/li><li><a href='https:\/\/art-pegas.com\/bratislava\/wp-content\/uploads\/2024\/02\/video-8eb4b4b211fff8ac8b42912b5e0f6a17-v.mp4'>video-8eb4b4b211fff8ac8b42912b5e0f6a17-v<\/a><\/li><li><a href='https:\/\/art-pegas.com\/bratislava\/wp-content\/uploads\/2024\/02\/video-0b296f3e13e5761ef6f227514e3b5b2c-v.mp4'>animacie<\/a><\/li>\t<\/ol>\n\t<\/noscript>\n\t<script type=\"application\/json\" class=\"wp-playlist-script\">{\"type\":\"video\",\"tracklist\":true,\"tracknumbers\":true,\"images\":true,\"artists\":true,\"tracks\":[{\"src\":\"https:\\\/\\\/art-pegas.com\\\/bratislava\\\/wp-content\\\/uploads\\\/2024\\\/02\\\/video-e5678087b66f7c7a5dae85e0b17a8a52-v.mp4\",\"type\":\"video\\\/mp4\",\"title\":\"video-e5678087b66f7c7a5dae85e0b17a8a52-v\",\"caption\":\"\",\"description\":\"\",\"meta\":{\"length_formatted\":\"0:05\"},\"dimensions\":{\"original\":{\"width\":640,\"height\":352},\"resized\":{\"width\":1148,\"height\":631}},\"image\":{\"src\":\"https:\\\/\\\/art-pegas.com\\\/bratislava\\\/wp-includes\\\/images\\\/media\\\/video.png\",\"width\":48,\"height\":64},\"thumb\":{\"src\":\"https:\\\/\\\/art-pegas.com\\\/bratislava\\\/wp-includes\\\/images\\\/media\\\/video.png\",\"width\":48,\"height\":64}},{\"src\":\"https:\\\/\\\/art-pegas.com\\\/bratislava\\\/wp-content\\\/uploads\\\/2024\\\/02\\\/video-a9752896301e1876971a3bad9ebfd600-v.mp4\",\"type\":\"video\\\/mp4\",\"title\":\"video-a9752896301e1876971a3bad9ebfd600-v\",\"caption\":\"\",\"description\":\"\",\"meta\":{\"length_formatted\":\"0:02\"},\"dimensions\":{\"original\":{\"width\":640,\"height\":352},\"resized\":{\"width\":1148,\"height\":631}},\"image\":{\"src\":\"https:\\\/\\\/art-pegas.com\\\/bratislava\\\/wp-includes\\\/images\\\/media\\\/video.png\",\"width\":48,\"height\":64},\"thumb\":{\"src\":\"https:\\\/\\\/art-pegas.com\\\/bratislava\\\/wp-includes\\\/images\\\/media\\\/video.png\",\"width\":48,\"height\":64}},{\"src\":\"https:\\\/\\\/art-pegas.com\\\/bratislava\\\/wp-content\\\/uploads\\\/2024\\\/02\\\/video-88ebbed81dae1fc8bad98e586abc8a53-v.mp4\",\"type\":\"video\\\/mp4\",\"title\":\"video-88ebbed81dae1fc8bad98e586abc8a53-v\",\"caption\":\"\",\"description\":\"\",\"meta\":{\"length_formatted\":\"0:02\"},\"dimensions\":{\"original\":{\"width\":640,\"height\":352},\"resized\":{\"width\":1148,\"height\":631}},\"image\":{\"src\":\"https:\\\/\\\/art-pegas.com\\\/bratislava\\\/wp-includes\\\/images\\\/media\\\/video.png\",\"width\":48,\"height\":64},\"thumb\":{\"src\":\"https:\\\/\\\/art-pegas.com\\\/bratislava\\\/wp-includes\\\/images\\\/media\\\/video.png\",\"width\":48,\"height\":64}},{\"src\":\"https:\\\/\\\/art-pegas.com\\\/bratislava\\\/wp-content\\\/uploads\\\/2024\\\/02\\\/video-8eb4b4b211fff8ac8b42912b5e0f6a17-v.mp4\",\"type\":\"video\\\/mp4\",\"title\":\"video-8eb4b4b211fff8ac8b42912b5e0f6a17-v\",\"caption\":\"\",\"description\":\"\",\"meta\":{\"length_formatted\":\"0:08\"},\"dimensions\":{\"original\":{\"width\":640,\"height\":352},\"resized\":{\"width\":1148,\"height\":631}},\"image\":{\"src\":\"https:\\\/\\\/art-pegas.com\\\/bratislava\\\/wp-includes\\\/images\\\/media\\\/video.png\",\"width\":48,\"height\":64},\"thumb\":{\"src\":\"https:\\\/\\\/art-pegas.com\\\/bratislava\\\/wp-includes\\\/images\\\/media\\\/video.png\",\"width\":48,\"height\":64}},{\"src\":\"https:\\\/\\\/art-pegas.com\\\/bratislava\\\/wp-content\\\/uploads\\\/2024\\\/02\\\/video-0b296f3e13e5761ef6f227514e3b5b2c-v.mp4\",\"type\":\"video\\\/mp4\",\"title\":\"animacie\",\"caption\":\"\",\"description\":\"\",\"meta\":{\"length_formatted\":\"0:04\"},\"dimensions\":{\"original\":{\"width\":640,\"height\":352},\"resized\":{\"width\":1148,\"height\":631}},\"image\":{\"src\":\"https:\\\/\\\/art-pegas.com\\\/bratislava\\\/wp-includes\\\/images\\\/media\\\/video.png\",\"width\":48,\"height\":64},\"thumb\":{\"src\":\"https:\\\/\\\/art-pegas.com\\\/bratislava\\\/wp-includes\\\/images\\\/media\\\/video.png\",\"width\":48,\"height\":64}}]}<\/script>\n<\/div>\n\t[vc_row][vc_column]<div class=\"sc_content content_wrap\" style=\"margin-top:5.45em !important;margin-bottom:5.35em !important;\"><div class=\"sc_line sc_line_style_solid\" style=\"border-top-style:solid;\"><\/div><div class=\"columns_wrap sc_columns columns_nofluid sc_columns_count_2 big_columns\"><div class=\"column-1_2 sc_column_item sc_column_item_1 odd first\"><video class=\"sc_video\" src=\"http:\/\/art-pegas.com\/bratislava\/wp-content\/uploads\/2024\/02\/video-e5678087b66f7c7a5dae85e0b17a8a52-v.mp4\" width=\"100%\" height=\"\" data-width=\"100%\" data-height=\"\" data-ratio=\"16:9\" style=\"width:100%;\" controls=\"controls\" loop=\"loop\"><\/video><video class=\"sc_video\" src=\"http:\/\/art-pegas.com\/bratislava\/wp-content\/uploads\/2024\/02\/video-a9752896301e1876971a3bad9ebfd600-v.mp4\" width=\"100%\" height=\"\" data-width=\"100%\" data-height=\"\" data-ratio=\"16:9\" style=\"width:100%;\" controls=\"controls\" loop=\"loop\"><\/video><\/div><div class=\"column-1_2 sc_column_item sc_column_item_2 paddingleft even\"><h3 class=\"sc_title sc_title_dotted\">Vyu\u010dovanie v\u00fdtvarn\u00fd odbor<\/h3><div class=\"sc_section\" style=\"margin-top:2.05em !important;\"><div class=\"sc_section_inner\">[vc_column_text]Mil\u00ed \u017eiaci, rodi\u010dia, priatelia SZU\u0160 ART PEGAS,<\/p>\n<p>p. u\u010dite\u013eke Bodi\u0161ovej a \u017eiakom v\u00fdtvarn\u00e9ho odboru sa podarilo vytvori\u0165 kr\u00e1sne anim\u00e1cie.<\/p>\n<p>Va\u0161a SZU\u0160 ART PEGAS&nbsp;[\/vc_column_text]<\/div><\/div><\/div><\/div><\/div>[\/vc_column][\/vc_row][vc_row][vc_column]<!-- #TRX_GAP_START# --><div class=\"sc_section\" style=\"background-image:url(http:\/\/239);\"><div class=\"sc_section_inner\"><div class=\"sc_section_overlay\" style=\"\"><div class=\"sc_section_content\"><div class=\"sc_content content_wrap\" style=\"margin-top:4.3em !important;margin-bottom:4.25em !important;\"><div id=\"sc_testimonials_1331540138\" class=\"sc_testimonials sc_testimonials_style_testimonials-2  sc_slider_nopagination sc_slider_controls sc_slider_controls_side sc_slider_swiper swiper-slider-container aligncenter\" data-animation=\"animated fadeInUp normal\" data-interval=\"9703\" style=\"width:100%;\"><div class=\"slides swiper-wrapper\"><div class=\"swiper-slide\" data-style=\"width:100%;\" style=\"width:100%;\">\t\t\t<div id=\"sc_testimonials_1331540138_1\" class=\"sc_testimonial_item\">\n\t\t\t\t<div class=\"sc_testimonial_content\">Dom\u00e1ca atmosf\u00e9ra, priate\u013esk\u00fd a z\u00e1rove\u0148 profesion\u00e1lny pr\u00edstup.<\/div>\n                \t\t\t\t\t\t\t\t<div class=\"sc_testimonial_author\"><span class=\"sc_testimonial_author_name\">Mirka Stupkova<\/span><span class=\"sc_testimonial_author_position\">, b\u00fdvala \u0161tudentka<\/span><\/div>\n\t\t\t\t\t\t\t<\/div>\n\t\t<\/div><div class=\"swiper-slide\" data-style=\"width:100%;\" style=\"width:100%;\">\t\t\t<div id=\"sc_testimonials_1331540138_2\" class=\"sc_testimonial_item\">\n\t\t\t\t<div class=\"sc_testimonial_content\">Folkl\u00f3rny s\u00fabor Kolovrat je \u00fa\u017easn\u00e9 teleso kde som na\u0161la pr\u00edle\u017eitos\u0165 sebarealiz\u00e1cie vo vy\u0161\u0161om veku.<\/div>\n                \t\t\t\t\t\t\t\t<div class=\"sc_testimonial_author\"><span class=\"sc_testimonial_author_name\">So\u0148a Petr\u00e1\u0161ov\u00e1<\/span><span class=\"sc_testimonial_author_position\">, \u010dlenka FS Kolovrat<\/span><\/div>\n\t\t\t\t\t\t\t<\/div>\n\t\t<\/div><div class=\"swiper-slide\" data-style=\"width:100%;\" style=\"width:100%;\">\t\t\t<div id=\"sc_testimonials_1331540138_3\" class=\"sc_testimonial_item\">\n\t\t\t\t<div class=\"sc_testimonial_content\">...odpor\u00fa\u010dam nav\u0161tevova\u0165 Artpegas nielen kv\u00f4li kvalitn\u00fdm hodin\u00e1m, ktor\u00e9 mi v\u017edy ve\u013ea daj\u00fa, ale aj z\u00e1\u017eitkom, super akci\u00e1m...<\/div>\n                \t\t\t\t\t\t\t\t<div class=\"sc_testimonial_author\"><span class=\"sc_testimonial_author_name\">Benjam\u00edn Kuruc<\/span><span class=\"sc_testimonial_author_position\">, \u0161tudent<\/span><\/div>\n\t\t\t\t\t\t\t<\/div>\n\t\t<\/div><\/div><div class=\"sc_slider_controls_wrap\"><a class=\"sc_slider_prev\" href=\"#\"><\/a><a class=\"sc_slider_next\" href=\"#\"><\/a><\/div><div class=\"sc_slider_pagination_wrap\"><\/div><\/div><\/div><\/div><\/div><\/div><\/div><!-- #TRX_GAP_END# -->[\/vc_column][\/vc_row]<\/p>\n","protected":false},"excerpt":{"rendered":"<p>[vc_row][vc_column][\/vc_column][\/vc_row][vc_row][vc_column][\/vc_column][\/vc_row]<\/p>\n","protected":false},"author":1,"featured_media":0,"parent":0,"menu_order":0,"comment_status":"open","ping_status":"open","template":"","meta":{"ngg_post_thumbnail":0,"_links_to":"","_links_to_target":""},"_links":{"self":[{"href":"https:\/\/art-pegas.com\/bratislava\/wp-json\/wp\/v2\/pages\/2531"}],"collection":[{"href":"https:\/\/art-pegas.com\/bratislava\/wp-json\/wp\/v2\/pages"}],"about":[{"href":"https:\/\/art-pegas.com\/bratislava\/wp-json\/wp\/v2\/types\/page"}],"author":[{"embeddable":true,"href":"https:\/\/art-pegas.com\/bratislava\/wp-json\/wp\/v2\/users\/1"}],"replies":[{"embeddable":true,"href":"https:\/\/art-pegas.com\/bratislava\/wp-json\/wp\/v2\/comments?post=2531"}],"version-history":[{"count":6,"href":"https:\/\/art-pegas.com\/bratislava\/wp-json\/wp\/v2\/pages\/2531\/revisions"}],"predecessor-version":[{"id":2546,"href":"https:\/\/art-pegas.com\/bratislava\/wp-json\/wp\/v2\/pages\/2531\/revisions\/2546"}],"wp:attachment":[{"href":"https:\/\/art-pegas.com\/bratislava\/wp-json\/wp\/v2\/media?parent=2531"}],"curies":[{"name":"wp","href":"https:\/\/api.w.org\/{rel}","templated":true}]}}