{"id":2613,"date":"2024-05-07T15:54:35","date_gmt":"2024-05-07T13:54:35","guid":{"rendered":"http:\/\/art-pegas.com\/bratislava\/?page_id=2613"},"modified":"2026-03-04T16:40:21","modified_gmt":"2026-03-04T15:40:21","slug":"dalsia-gratulacia","status":"publish","type":"page","link":"https:\/\/art-pegas.com\/bratislava\/dalsia-gratulacia\/","title":{"rendered":"Hviezdoslavov Kub\u00edn 2026"},"content":{"rendered":"<p>V d\u0148och 2.-4.marec sa uskuto\u010dnilo okresn\u00e9 kolo umeleckej s\u00fa\u0165a\u017ee Hviezdoslavov Kub\u00edn v priestoroch V Klubu v Bratislave.&nbsp;<\/p>\n<div>\n<div>Na\u0161a \u0161kola tento rok zaznamenala ve\u013ek\u00e9 \u00faspechy. V ka\u017edej s\u00fa\u0165a\u017enej kateg\u00f3ri\u00ed s\u00fa\u0165a\u017eilo priemerne a\u017e 17 s\u00fa\u0165a\u017eiaciach.&nbsp;<\/div>\n<div>&nbsp;<\/div>\n<div>V prednese po\u00e9zie sa s\u00fa\u0165a\u017ee z\u00fa\u010dastnila Izabela Va\u0161kov\u00e1, Zoja Sch\u00f6n a Veronika S\u00fdkorov\u00e1. Veronika z\u00edskala 3.miesto v 3.kateg\u00f3ri\u00ed a Zojka 2.miesto v 2.kateg\u00f3ri\u00ed.<\/div>\n<div>&nbsp;<\/div>\n<div>&nbsp;<\/div>\n<div>V prednese pr\u00f3zy sa s\u00fa\u0165a\u017ee z\u00fa\u010dastnili Dominik Remeta a Michaela Nos\u00e1\u013eov\u00e1. Dominik z\u00edskal 3.miesto v 3.kateg\u00f3ri\u00ed a Mi\u0161ka 2.miesto v 2.kateg\u00f3ri\u00ed.<\/div>\n<div>\n<div>\u017diakov na s\u00fa\u0165a\u017e v umeleckom prednese pripravoval Mgr.art.Adam Mareni\u0161\u0165\u00e1k.<\/div>\n<div>&nbsp;<\/div>\n<div>V\u0161etk\u00fdm z\u00fa\u010dastnen\u00fdm srde\u010dne blaho\u017eel\u00e1me. \ud83d\ude42&nbsp;<\/div>\n<\/div>\n<\/div>\n<div>&nbsp;<\/div>\n<div>&nbsp;<\/div>\n<p><img loading=\"lazy\" class=\"alignnone wp-image-3438 \" src=\"http:\/\/art-pegas.com\/bratislava\/wp-content\/uploads\/2026\/03\/IMG-20260304-WA0010.jpg\" alt=\"\" width=\"1034\" height=\"776\" srcset=\"https:\/\/art-pegas.com\/bratislava\/wp-content\/uploads\/2026\/03\/IMG-20260304-WA0010.jpg 2048w, https:\/\/art-pegas.com\/bratislava\/wp-content\/uploads\/2026\/03\/IMG-20260304-WA0010-300x225.jpg 300w, https:\/\/art-pegas.com\/bratislava\/wp-content\/uploads\/2026\/03\/IMG-20260304-WA0010-1024x768.jpg 1024w, https:\/\/art-pegas.com\/bratislava\/wp-content\/uploads\/2026\/03\/IMG-20260304-WA0010-768x576.jpg 768w, https:\/\/art-pegas.com\/bratislava\/wp-content\/uploads\/2026\/03\/IMG-20260304-WA0010-1536x1152.jpg 1536w, https:\/\/art-pegas.com\/bratislava\/wp-content\/uploads\/2026\/03\/IMG-20260304-WA0010-1170x878.jpg 1170w, https:\/\/art-pegas.com\/bratislava\/wp-content\/uploads\/2026\/03\/IMG-20260304-WA0010-370x278.jpg 370w, https:\/\/art-pegas.com\/bratislava\/wp-content\/uploads\/2026\/03\/IMG-20260304-WA0010-870x653.jpg 870w, https:\/\/art-pegas.com\/bratislava\/wp-content\/uploads\/2026\/03\/IMG-20260304-WA0010-390x293.jpg 390w, https:\/\/art-pegas.com\/bratislava\/wp-content\/uploads\/2026\/03\/IMG-20260304-WA0010-600x450.jpg 600w\" sizes=\"(max-width: 1034px) 100vw, 1034px\" \/><\/p>\n<div>&nbsp;<\/div>\n<p><img loading=\"lazy\" class=\"alignnone wp-image-3436 \" src=\"http:\/\/art-pegas.com\/bratislava\/wp-content\/uploads\/2026\/03\/IMG-20260303-WA0016.jpg\" alt=\"\" width=\"1034\" height=\"1379\" srcset=\"https:\/\/art-pegas.com\/bratislava\/wp-content\/uploads\/2026\/03\/IMG-20260303-WA0016.jpg 1200w, https:\/\/art-pegas.com\/bratislava\/wp-content\/uploads\/2026\/03\/IMG-20260303-WA0016-225x300.jpg 225w, https:\/\/art-pegas.com\/bratislava\/wp-content\/uploads\/2026\/03\/IMG-20260303-WA0016-768x1024.jpg 768w, https:\/\/art-pegas.com\/bratislava\/wp-content\/uploads\/2026\/03\/IMG-20260303-WA0016-1152x1536.jpg 1152w, https:\/\/art-pegas.com\/bratislava\/wp-content\/uploads\/2026\/03\/IMG-20260303-WA0016-1170x1560.jpg 1170w, https:\/\/art-pegas.com\/bratislava\/wp-content\/uploads\/2026\/03\/IMG-20260303-WA0016-370x493.jpg 370w, https:\/\/art-pegas.com\/bratislava\/wp-content\/uploads\/2026\/03\/IMG-20260303-WA0016-870x1160.jpg 870w, https:\/\/art-pegas.com\/bratislava\/wp-content\/uploads\/2026\/03\/IMG-20260303-WA0016-390x520.jpg 390w, https:\/\/art-pegas.com\/bratislava\/wp-content\/uploads\/2026\/03\/IMG-20260303-WA0016-300x400.jpg 300w, https:\/\/art-pegas.com\/bratislava\/wp-content\/uploads\/2026\/03\/IMG-20260303-WA0016-600x800.jpg 600w\" sizes=\"(max-width: 1034px) 100vw, 1034px\" \/><\/p>\n<p><img loading=\"lazy\" class=\"alignnone wp-image-3435 \" src=\"http:\/\/art-pegas.com\/bratislava\/wp-content\/uploads\/2026\/03\/IMG-20260303-WA0014.jpg\" alt=\"\" width=\"1038\" height=\"1384\" srcset=\"https:\/\/art-pegas.com\/bratislava\/wp-content\/uploads\/2026\/03\/IMG-20260303-WA0014.jpg 1200w, https:\/\/art-pegas.com\/bratislava\/wp-content\/uploads\/2026\/03\/IMG-20260303-WA0014-225x300.jpg 225w, https:\/\/art-pegas.com\/bratislava\/wp-content\/uploads\/2026\/03\/IMG-20260303-WA0014-768x1024.jpg 768w, https:\/\/art-pegas.com\/bratislava\/wp-content\/uploads\/2026\/03\/IMG-20260303-WA0014-1152x1536.jpg 1152w, https:\/\/art-pegas.com\/bratislava\/wp-content\/uploads\/2026\/03\/IMG-20260303-WA0014-1170x1560.jpg 1170w, https:\/\/art-pegas.com\/bratislava\/wp-content\/uploads\/2026\/03\/IMG-20260303-WA0014-370x493.jpg 370w, https:\/\/art-pegas.com\/bratislava\/wp-content\/uploads\/2026\/03\/IMG-20260303-WA0014-870x1160.jpg 870w, https:\/\/art-pegas.com\/bratislava\/wp-content\/uploads\/2026\/03\/IMG-20260303-WA0014-390x520.jpg 390w, https:\/\/art-pegas.com\/bratislava\/wp-content\/uploads\/2026\/03\/IMG-20260303-WA0014-300x400.jpg 300w, https:\/\/art-pegas.com\/bratislava\/wp-content\/uploads\/2026\/03\/IMG-20260303-WA0014-600x800.jpg 600w\" sizes=\"(max-width: 1038px) 100vw, 1038px\" \/><\/p>\n<p><img loading=\"lazy\" class=\"alignnone wp-image-3434 \" src=\"http:\/\/art-pegas.com\/bratislava\/wp-content\/uploads\/2026\/03\/IMG-20260302-WA0015.jpg\" alt=\"\" width=\"1039\" height=\"779\" srcset=\"https:\/\/art-pegas.com\/bratislava\/wp-content\/uploads\/2026\/03\/IMG-20260302-WA0015.jpg 1600w, https:\/\/art-pegas.com\/bratislava\/wp-content\/uploads\/2026\/03\/IMG-20260302-WA0015-300x225.jpg 300w, https:\/\/art-pegas.com\/bratislava\/wp-content\/uploads\/2026\/03\/IMG-20260302-WA0015-1024x768.jpg 1024w, https:\/\/art-pegas.com\/bratislava\/wp-content\/uploads\/2026\/03\/IMG-20260302-WA0015-768x576.jpg 768w, https:\/\/art-pegas.com\/bratislava\/wp-content\/uploads\/2026\/03\/IMG-20260302-WA0015-1536x1152.jpg 1536w, https:\/\/art-pegas.com\/bratislava\/wp-content\/uploads\/2026\/03\/IMG-20260302-WA0015-1170x878.jpg 1170w, https:\/\/art-pegas.com\/bratislava\/wp-content\/uploads\/2026\/03\/IMG-20260302-WA0015-370x278.jpg 370w, https:\/\/art-pegas.com\/bratislava\/wp-content\/uploads\/2026\/03\/IMG-20260302-WA0015-870x653.jpg 870w, https:\/\/art-pegas.com\/bratislava\/wp-content\/uploads\/2026\/03\/IMG-20260302-WA0015-390x293.jpg 390w, https:\/\/art-pegas.com\/bratislava\/wp-content\/uploads\/2026\/03\/IMG-20260302-WA0015-600x450.jpg 600w\" sizes=\"(max-width: 1039px) 100vw, 1039px\" \/><\/p>\n<p><img loading=\"lazy\" class=\"alignnone wp-image-3433 \" src=\"http:\/\/art-pegas.com\/bratislava\/wp-content\/uploads\/2026\/03\/IMG-20260302-WA0009.jpg\" alt=\"\" width=\"1042\" height=\"782\" srcset=\"https:\/\/art-pegas.com\/bratislava\/wp-content\/uploads\/2026\/03\/IMG-20260302-WA0009.jpg 1600w, https:\/\/art-pegas.com\/bratislava\/wp-content\/uploads\/2026\/03\/IMG-20260302-WA0009-300x225.jpg 300w, https:\/\/art-pegas.com\/bratislava\/wp-content\/uploads\/2026\/03\/IMG-20260302-WA0009-1024x768.jpg 1024w, https:\/\/art-pegas.com\/bratislava\/wp-content\/uploads\/2026\/03\/IMG-20260302-WA0009-768x576.jpg 768w, https:\/\/art-pegas.com\/bratislava\/wp-content\/uploads\/2026\/03\/IMG-20260302-WA0009-1536x1152.jpg 1536w, https:\/\/art-pegas.com\/bratislava\/wp-content\/uploads\/2026\/03\/IMG-20260302-WA0009-1170x878.jpg 1170w, https:\/\/art-pegas.com\/bratislava\/wp-content\/uploads\/2026\/03\/IMG-20260302-WA0009-370x278.jpg 370w, https:\/\/art-pegas.com\/bratislava\/wp-content\/uploads\/2026\/03\/IMG-20260302-WA0009-870x653.jpg 870w, https:\/\/art-pegas.com\/bratislava\/wp-content\/uploads\/2026\/03\/IMG-20260302-WA0009-390x293.jpg 390w, https:\/\/art-pegas.com\/bratislava\/wp-content\/uploads\/2026\/03\/IMG-20260302-WA0009-600x450.jpg 600w\" sizes=\"(max-width: 1042px) 100vw, 1042px\" \/><\/p>\n<p><img loading=\"lazy\" class=\"alignnone  wp-image-3432\" src=\"http:\/\/art-pegas.com\/bratislava\/wp-content\/uploads\/2026\/03\/IMG-20260302-WA0007.jpg\" alt=\"\" width=\"1049\" height=\"1399\" srcset=\"https:\/\/art-pegas.com\/bratislava\/wp-content\/uploads\/2026\/03\/IMG-20260302-WA0007.jpg 1200w, https:\/\/art-pegas.com\/bratislava\/wp-content\/uploads\/2026\/03\/IMG-20260302-WA0007-225x300.jpg 225w, https:\/\/art-pegas.com\/bratislava\/wp-content\/uploads\/2026\/03\/IMG-20260302-WA0007-768x1024.jpg 768w, https:\/\/art-pegas.com\/bratislava\/wp-content\/uploads\/2026\/03\/IMG-20260302-WA0007-1152x1536.jpg 1152w, https:\/\/art-pegas.com\/bratislava\/wp-content\/uploads\/2026\/03\/IMG-20260302-WA0007-1170x1560.jpg 1170w, https:\/\/art-pegas.com\/bratislava\/wp-content\/uploads\/2026\/03\/IMG-20260302-WA0007-370x493.jpg 370w, https:\/\/art-pegas.com\/bratislava\/wp-content\/uploads\/2026\/03\/IMG-20260302-WA0007-870x1160.jpg 870w, https:\/\/art-pegas.com\/bratislava\/wp-content\/uploads\/2026\/03\/IMG-20260302-WA0007-390x520.jpg 390w, https:\/\/art-pegas.com\/bratislava\/wp-content\/uploads\/2026\/03\/IMG-20260302-WA0007-300x400.jpg 300w, https:\/\/art-pegas.com\/bratislava\/wp-content\/uploads\/2026\/03\/IMG-20260302-WA0007-600x800.jpg 600w\" sizes=\"(max-width: 1049px) 100vw, 1049px\" \/><\/p>\n<p><img loading=\"lazy\" class=\"alignnone  wp-image-3437\" src=\"http:\/\/art-pegas.com\/bratislava\/wp-content\/uploads\/2026\/03\/IMG-20260304-WA0000.jpg\" alt=\"\" width=\"1046\" height=\"785\" srcset=\"https:\/\/art-pegas.com\/bratislava\/wp-content\/uploads\/2026\/03\/IMG-20260304-WA0000.jpg 1600w, https:\/\/art-pegas.com\/bratislava\/wp-content\/uploads\/2026\/03\/IMG-20260304-WA0000-300x225.jpg 300w, https:\/\/art-pegas.com\/bratislava\/wp-content\/uploads\/2026\/03\/IMG-20260304-WA0000-1024x768.jpg 1024w, https:\/\/art-pegas.com\/bratislava\/wp-content\/uploads\/2026\/03\/IMG-20260304-WA0000-768x576.jpg 768w, https:\/\/art-pegas.com\/bratislava\/wp-content\/uploads\/2026\/03\/IMG-20260304-WA0000-1536x1152.jpg 1536w, https:\/\/art-pegas.com\/bratislava\/wp-content\/uploads\/2026\/03\/IMG-20260304-WA0000-1170x878.jpg 1170w, https:\/\/art-pegas.com\/bratislava\/wp-content\/uploads\/2026\/03\/IMG-20260304-WA0000-370x278.jpg 370w, https:\/\/art-pegas.com\/bratislava\/wp-content\/uploads\/2026\/03\/IMG-20260304-WA0000-870x653.jpg 870w, https:\/\/art-pegas.com\/bratislava\/wp-content\/uploads\/2026\/03\/IMG-20260304-WA0000-390x293.jpg 390w, https:\/\/art-pegas.com\/bratislava\/wp-content\/uploads\/2026\/03\/IMG-20260304-WA0000-600x450.jpg 600w\" sizes=\"(max-width: 1046px) 100vw, 1046px\" \/><\/p>\n","protected":false},"excerpt":{"rendered":"<p>V d\u0148och 2.-4.marec sa uskuto\u010dnilo okresn\u00e9 kolo umeleckej s\u00fa\u0165a\u017ee Hviezdoslavov Kub\u00edn v priestoroch V Klubu v Bratislave.&nbsp; Na\u0161a \u0161kola tento rok zaznamenala ve\u013ek\u00e9 \u00faspechy. V ka\u017edej s\u00fa\u0165a\u017enej kateg\u00f3ri\u00ed s\u00fa\u0165a\u017eilo priemerne [&hellip;]<\/p>\n","protected":false},"author":1,"featured_media":0,"parent":0,"menu_order":0,"comment_status":"closed","ping_status":"closed","template":"","meta":{"ngg_post_thumbnail":0,"_links_to":"","_links_to_target":""},"_links":{"self":[{"href":"https:\/\/art-pegas.com\/bratislava\/wp-json\/wp\/v2\/pages\/2613"}],"collection":[{"href":"https:\/\/art-pegas.com\/bratislava\/wp-json\/wp\/v2\/pages"}],"about":[{"href":"https:\/\/art-pegas.com\/bratislava\/wp-json\/wp\/v2\/types\/page"}],"author":[{"embeddable":true,"href":"https:\/\/art-pegas.com\/bratislava\/wp-json\/wp\/v2\/users\/1"}],"replies":[{"embeddable":true,"href":"https:\/\/art-pegas.com\/bratislava\/wp-json\/wp\/v2\/comments?post=2613"}],"version-history":[{"count":9,"href":"https:\/\/art-pegas.com\/bratislava\/wp-json\/wp\/v2\/pages\/2613\/revisions"}],"predecessor-version":[{"id":3439,"href":"https:\/\/art-pegas.com\/bratislava\/wp-json\/wp\/v2\/pages\/2613\/revisions\/3439"}],"wp:attachment":[{"href":"https:\/\/art-pegas.com\/bratislava\/wp-json\/wp\/v2\/media?parent=2613"}],"curies":[{"name":"wp","href":"https:\/\/api.w.org\/{rel}","templated":true}]}}