{"id":3444,"date":"2026-03-18T17:02:00","date_gmt":"2026-03-18T16:02:00","guid":{"rendered":"http:\/\/art-pegas.com\/bratislava\/?page_id=3444"},"modified":"2026-04-27T13:38:31","modified_gmt":"2026-04-27T11:38:31","slug":"sutaz","status":"publish","type":"page","link":"https:\/\/art-pegas.com\/bratislava\/sutaz\/","title":{"rendered":"Pozv\u00e1nka na vernis\u00e1\u017e"},"content":{"rendered":"<h3>&nbsp;<\/h3>\n<h3>&nbsp;<\/h3>\n","protected":false},"excerpt":{"rendered":"<p>&nbsp; &nbsp;<\/p>\n","protected":false},"author":1,"featured_media":3460,"parent":0,"menu_order":0,"comment_status":"open","ping_status":"open","template":"","meta":{"ngg_post_thumbnail":0,"_links_to":"","_links_to_target":""},"_links":{"self":[{"href":"https:\/\/art-pegas.com\/bratislava\/wp-json\/wp\/v2\/pages\/3444"}],"collection":[{"href":"https:\/\/art-pegas.com\/bratislava\/wp-json\/wp\/v2\/pages"}],"about":[{"href":"https:\/\/art-pegas.com\/bratislava\/wp-json\/wp\/v2\/types\/page"}],"author":[{"embeddable":true,"href":"https:\/\/art-pegas.com\/bratislava\/wp-json\/wp\/v2\/users\/1"}],"replies":[{"embeddable":true,"href":"https:\/\/art-pegas.com\/bratislava\/wp-json\/wp\/v2\/comments?post=3444"}],"version-history":[{"count":6,"href":"https:\/\/art-pegas.com\/bratislava\/wp-json\/wp\/v2\/pages\/3444\/revisions"}],"predecessor-version":[{"id":3457,"href":"https:\/\/art-pegas.com\/bratislava\/wp-json\/wp\/v2\/pages\/3444\/revisions\/3457"}],"wp:featuredmedia":[{"embeddable":true,"href":"https:\/\/art-pegas.com\/bratislava\/wp-json\/wp\/v2\/media\/3460"}],"wp:attachment":[{"href":"https:\/\/art-pegas.com\/bratislava\/wp-json\/wp\/v2\/media?parent=3444"}],"curies":[{"name":"wp","href":"https:\/\/api.w.org\/{rel}","templated":true}]}}