{"id":1090,"date":"2018-03-13T11:03:35","date_gmt":"2018-03-13T11:03:35","guid":{"rendered":"http:\/\/art-pegas.com\/nitra\/?page_id=1090"},"modified":"2020-09-02T16:09:28","modified_gmt":"2020-09-02T14:09:28","slug":"profil-skoly-nitra","status":"publish","type":"page","link":"https:\/\/art-pegas.com\/nitra\/profil-skoly-nitra\/","title":{"rendered":"O \u0161kole"},"content":{"rendered":"<p>[vc_row][vc_column][vc_column_text]<\/p>\n<h2>V\u00e1\u017een\u00fd n\u00e1v\u0161tevn\u00edk,<\/h2>\n<p>&nbsp;<\/p>\n<p><strong>SZU\u0160 ART PEGAS<\/strong> je akreditovanou \u0161kolou Ministerstvom \u0161kolstva SR od roku 2006 a svoju \u010dinnos\u0165 zah\u00e1jila k 1. septembru 2007. Moment\u00e1lne s\u00eddlime v kr\u00e1snych priestoroch na ul. \u0160tef\u00e1nikova trieda 140 v Nitre. Sme \u0161kolou rodinn\u00e9ho typu s <strong>citliv\u00fdm pr\u00edstupom ku ka\u017ed\u00e9mu jednotlivcovi<\/strong>, ktor\u00fd u n\u00e1s \u0161tuduje, \u010di u\u017e v hudobnom, divadelnom, tane\u010dnom alebo v\u00fdtvarnom odbore. Okrem ka\u017edodennej v\u00fduky u\u010d\u00edme deti <strong>sebapresadzovaniu<\/strong>, tvorivosti, ako aj ku <strong>kladn\u00e9mu vz\u0165ahu k umeniu<\/strong>.<\/p>\n<p>\u0160tudentom sa venuj\u00fa <strong>kvalifikovan\u00ed a sk\u00fasen\u00ed pedag\u00f3govia<\/strong> s citom pre umenie a pr\u00e1cu s de\u0165mi, ml\u00e1de\u017eou, ale i dospel\u00fdmi, ktor\u00ed s\u00fa aj umelecky \u010dinn\u00ed vo svojej oblasti. Z\u00fa\u010dast\u0148ujeme sa r\u00f4znych podujat\u00ed nielen na Slovensku, ale i v Eur\u00f3pe a vo svete. Ka\u017edoro\u010dne organizujeme pracovno-tvoriv\u00e9 s\u00fastredenia v rekrea\u010dnom are\u00e1li.<\/p>\n<p>Radi V\u00e1s uv\u00edtame medzi nami, sta\u0148te sa s\u00fa\u010das\u0165ou na\u0161ej umeleckej rodiny ART PEGAS.<\/p>\n<hr>\n<p>\u010cl\u00e1nok z MY &#8211; Nitrianske noviny o \u0161kole ART PEGAS si pre\u010d\u00edtate <a href=\"http:\/\/art-pegas.com\/nitra\/wp-content\/uploads\/2020\/08\/art-pegas-clanok-2020.jpg\">na nasleduj\u00facom odkaze<\/a>.[\/vc_column_text]<div class=\"sc_line sc_line_style_dashed\" style=\"border-top-style:dashed;\"><\/div>[\/vc_column][\/vc_row][vc_row][vc_column][vc_gallery interval=&#8220;0&#8243; images=&#8220;1940&#8243; img_size=&#8220;full&#8220;]<div class=\"sc_line sc_line_style_dashed\" style=\"border-top-style:dashed;\"><\/div>[\/vc_column][\/vc_row][vc_row][vc_column]<div id=\"sc_googlemap_414400433\" class=\"sc_googlemap\" style=\"width:100%;height:240px;\" data-zoom=\"16\" data-style=\"simple\"><iframe src=\"https:\/\/maps.google.com\/maps?t=m&output=embed&iwloc=near&z=16&q=SZU%C5%A0+ART+PEGAS%2C+%C5%A0tef%C3%A1nikova+trieda+140%2C+949+01+Nitra\" scrolling=\"no\" marginheight=\"0\" marginwidth=\"0\" frameborder=\"0\" aria-label=\"Nav\u0161t\u00edv n\u00e1s!\"><\/iframe><\/div>[\/vc_column][\/vc_row]<\/p>\n","protected":false},"excerpt":{"rendered":"<p>[vc_row][vc_column][vc_column_text] V\u00e1\u017een\u00fd n\u00e1v\u0161tevn\u00edk, &nbsp; SZU\u0160 ART PEGAS je akreditovanou \u0161kolou Ministerstvom \u0161kolstva SR od roku 2006 a svoju \u010dinnos\u0165 zah\u00e1jila k 1. septembru 2007. Moment\u00e1lne s\u00eddlime v kr\u00e1snych priestoroch na [&hellip;]<\/p>\n","protected":false},"author":1,"featured_media":0,"parent":0,"menu_order":0,"comment_status":"closed","ping_status":"closed","template":"","meta":{"ngg_post_thumbnail":0,"_links_to":"","_links_to_target":""},"_links":{"self":[{"href":"https:\/\/art-pegas.com\/nitra\/wp-json\/wp\/v2\/pages\/1090"}],"collection":[{"href":"https:\/\/art-pegas.com\/nitra\/wp-json\/wp\/v2\/pages"}],"about":[{"href":"https:\/\/art-pegas.com\/nitra\/wp-json\/wp\/v2\/types\/page"}],"author":[{"embeddable":true,"href":"https:\/\/art-pegas.com\/nitra\/wp-json\/wp\/v2\/users\/1"}],"replies":[{"embeddable":true,"href":"https:\/\/art-pegas.com\/nitra\/wp-json\/wp\/v2\/comments?post=1090"}],"version-history":[{"count":11,"href":"https:\/\/art-pegas.com\/nitra\/wp-json\/wp\/v2\/pages\/1090\/revisions"}],"predecessor-version":[{"id":1943,"href":"https:\/\/art-pegas.com\/nitra\/wp-json\/wp\/v2\/pages\/1090\/revisions\/1943"}],"wp:attachment":[{"href":"https:\/\/art-pegas.com\/nitra\/wp-json\/wp\/v2\/media?parent=1090"}],"curies":[{"name":"wp","href":"https:\/\/api.w.org\/{rel}","templated":true}]}}