{"id":2096,"date":"2021-02-15T18:09:54","date_gmt":"2021-02-15T17:09:54","guid":{"rendered":"http:\/\/art-pegas.com\/nitra\/?page_id=2096"},"modified":"2021-02-15T18:16:30","modified_gmt":"2021-02-15T17:16:30","slug":"vo-video-z-online-hodin","status":"publish","type":"page","link":"https:\/\/art-pegas.com\/nitra\/vo-video-z-online-hodin\/","title":{"rendered":"VO- video z online hod\u00edn"},"content":{"rendered":"<p>[vc_row][vc_column]<div class=\"sc_content content_wrap\" style=\"margin-top:5.45em !important;margin-bottom:5.35em !important;\"><div class=\"sc_line sc_line_style_solid\" style=\"border-top-style:solid;\"><\/div><div class=\"columns_wrap sc_columns columns_nofluid sc_columns_count_2 big_columns\"><div class=\"column-1_2 sc_column_item sc_column_item_1 odd first\"><video class=\"sc_video\" src=\"https:\/\/youtube.com\/embed\/uP2xQf-33lA\" width=\"100%\" height=\"\" data-width=\"100%\" data-height=\"\" data-ratio=\"16:9\" poster=\"https:\/\/art-pegas.com\/nitra\/wp-content\/uploads\/2021\/02\/LALALA-UPRAVA_2.jpg\" data-image=\"https:\/\/art-pegas.com\/nitra\/wp-content\/uploads\/2021\/02\/LALALA-UPRAVA_2.jpg\" style=\"width:100%;\" autoplay=\"autoplay\" controls=\"controls\" loop=\"loop\"><\/video><\/div><div class=\"column-1_2 sc_column_item sc_column_item_2 paddingleft even\"><h3 class=\"sc_title sc_title_dotted\">V\u00fdtvarn\u00fd odbor online<\/h3><div class=\"sc_section\" style=\"margin-top:2.05em !important;\"><div class=\"sc_section_inner\">[vc_column_text]Prin\u00e1\u0161ame v\u00e1m kr\u00e1tku uk\u00e1\u017eku, ktor\u00e1 v\u00e1s na chv\u00ed\u013eu prevedie online hodinami v\u00fdtvarn\u00e9ho odboru.&nbsp;[\/vc_column_text]<\/div><\/div><\/div><\/div><\/div>[\/vc_column][\/vc_row]<\/p>\n","protected":false},"excerpt":{"rendered":"<p>[vc_row][vc_column][\/vc_column][\/vc_row]<\/p>\n","protected":false},"author":1,"featured_media":0,"parent":0,"menu_order":0,"comment_status":"open","ping_status":"open","template":"","meta":{"ngg_post_thumbnail":0,"_links_to":"","_links_to_target":""},"_links":{"self":[{"href":"https:\/\/art-pegas.com\/nitra\/wp-json\/wp\/v2\/pages\/2096"}],"collection":[{"href":"https:\/\/art-pegas.com\/nitra\/wp-json\/wp\/v2\/pages"}],"about":[{"href":"https:\/\/art-pegas.com\/nitra\/wp-json\/wp\/v2\/types\/page"}],"author":[{"embeddable":true,"href":"https:\/\/art-pegas.com\/nitra\/wp-json\/wp\/v2\/users\/1"}],"replies":[{"embeddable":true,"href":"https:\/\/art-pegas.com\/nitra\/wp-json\/wp\/v2\/comments?post=2096"}],"version-history":[{"count":3,"href":"https:\/\/art-pegas.com\/nitra\/wp-json\/wp\/v2\/pages\/2096\/revisions"}],"predecessor-version":[{"id":2102,"href":"https:\/\/art-pegas.com\/nitra\/wp-json\/wp\/v2\/pages\/2096\/revisions\/2102"}],"wp:attachment":[{"href":"https:\/\/art-pegas.com\/nitra\/wp-json\/wp\/v2\/media?parent=2096"}],"curies":[{"name":"wp","href":"https:\/\/api.w.org\/{rel}","templated":true}]}}