{"id":2134,"date":"2021-03-28T21:41:59","date_gmt":"2021-03-28T19:41:59","guid":{"rendered":"http:\/\/art-pegas.com\/nitra\/?page_id=2134"},"modified":"2021-03-28T21:41:59","modified_gmt":"2021-03-28T19:41:59","slug":"ho-online-koncert-spev","status":"publish","type":"page","link":"https:\/\/art-pegas.com\/nitra\/ho-online-koncert-spev\/","title":{"rendered":"HO- online koncert spevu"},"content":{"rendered":"<p>[vc_row][vc_column]<div class=\"sc_content content_wrap\" style=\"margin-top:5.45em !important;margin-bottom:5.35em !important;\"><div class=\"sc_line sc_line_style_solid\" style=\"border-top-style:solid;\"><\/div><div class=\"columns_wrap sc_columns columns_nofluid sc_columns_count_2 big_columns\"><div class=\"column-1_2 sc_column_item sc_column_item_1 odd first\"><video class=\"sc_video\" src=\"https:\/\/youtube.com\/embed\/Z6rGTs99gdo\" width=\"100%\" height=\"\" data-width=\"100%\" data-height=\"\" data-ratio=\"16:9\" poster=\"http:\/\/i1.ytimg.com\/vi\/Z6rGTs99gdo\/maxresdefault.jpg\" data-image=\"http:\/\/i1.ytimg.com\/vi\/Z6rGTs99gdo\/maxresdefault.jpg\" style=\"width:100%;\" autoplay=\"autoplay\" controls=\"controls\" loop=\"loop\"><\/video><\/div><div class=\"column-1_2 sc_column_item sc_column_item_2 paddingleft even\"><h3 class=\"sc_title sc_title_dotted\">Online koncert spevu<\/h3><div class=\"sc_section\" style=\"margin-top:2.05em !important;\"><div class=\"sc_section_inner\">[vc_column_text]Hudobn\u00fd odbor v\u00e1m prin\u00e1\u0161a uk\u00e1\u017eku online koncertu spevu.<br \/>\nAj ke\u010f sa i&nbsp; na\u010falej vyu\u010dujeme online, tak so \u0161ikovnos\u0165ou<br \/>\na trpezlivos\u0165ou na\u0161ich pedag\u00f3gov i \u017eiakov, m\u00f4\u017eeme po\u010du\u0165 pokrok v ich spev\u00e1ckych v\u00fdkonoch.<\/p>\n<p>T\u00fdmto sa chceme po\u010fakova\u0165 v\u0161etk\u00fdm na\u0161im pedag\u00f3gom, \u017eiakom i rodi\u010dom za ochotu, sna\u017eivos\u0165 a obrovsk\u00fa trpezlivos\u0165, ktor\u00fa v online vyu\u010dovan\u00ed vynaklad\u00e1te. Prajeme v\u0161etk\u00fdm na\u0161im \u017eiakom, aby im to aj na\u010falej takto \u0161ikovne spievalo <img class=\"emoji\" role=\"img\" draggable=\"false\" src=\"https:\/\/s.w.org\/images\/core\/emoji\/13.0.0\/svg\/1f642.svg\" alt=\"\ud83d\ude42\"><\/p>\n<p>Va\u0161a SZU\u0160 ART PEGAS[\/vc_column_text]<\/div><\/div><\/div><\/div><\/div>[\/vc_column][\/vc_row]<\/p>\n","protected":false},"excerpt":{"rendered":"<p>[vc_row][vc_column][\/vc_column][\/vc_row]<\/p>\n","protected":false},"author":1,"featured_media":0,"parent":0,"menu_order":0,"comment_status":"open","ping_status":"open","template":"","meta":{"ngg_post_thumbnail":0,"_links_to":"","_links_to_target":""},"_links":{"self":[{"href":"https:\/\/art-pegas.com\/nitra\/wp-json\/wp\/v2\/pages\/2134"}],"collection":[{"href":"https:\/\/art-pegas.com\/nitra\/wp-json\/wp\/v2\/pages"}],"about":[{"href":"https:\/\/art-pegas.com\/nitra\/wp-json\/wp\/v2\/types\/page"}],"author":[{"embeddable":true,"href":"https:\/\/art-pegas.com\/nitra\/wp-json\/wp\/v2\/users\/1"}],"replies":[{"embeddable":true,"href":"https:\/\/art-pegas.com\/nitra\/wp-json\/wp\/v2\/comments?post=2134"}],"version-history":[{"count":1,"href":"https:\/\/art-pegas.com\/nitra\/wp-json\/wp\/v2\/pages\/2134\/revisions"}],"predecessor-version":[{"id":2135,"href":"https:\/\/art-pegas.com\/nitra\/wp-json\/wp\/v2\/pages\/2134\/revisions\/2135"}],"wp:attachment":[{"href":"https:\/\/art-pegas.com\/nitra\/wp-json\/wp\/v2\/media?parent=2134"}],"curies":[{"name":"wp","href":"https:\/\/api.w.org\/{rel}","templated":true}]}}