{"id":2442,"date":"2021-12-23T11:44:56","date_gmt":"2021-12-23T10:44:56","guid":{"rendered":"http:\/\/art-pegas.com\/nitra\/?page_id=2442"},"modified":"2021-12-23T11:45:25","modified_gmt":"2021-12-23T10:45:25","slug":"campanabatucada-fskolovrat","status":"publish","type":"page","link":"https:\/\/art-pegas.com\/nitra\/campanabatucada-fskolovrat\/","title":{"rendered":"CAMPANA BATUCADA A FS KOLOVRAT"},"content":{"rendered":"<p>[vc_row][vc_column]<div class=\"sc_content content_wrap\" style=\"margin-top:5.45em !important;margin-bottom:5.35em !important;\"><div class=\"sc_line sc_line_style_solid\" style=\"border-top-style:solid;\"><\/div><div class=\"columns_wrap sc_columns columns_nofluid sc_columns_count_2 big_columns\"><div class=\"column-1_2 sc_column_item sc_column_item_1 odd first\"><video class=\"sc_video\" src=\"https:\/\/youtube.com\/embed\/TTrspZkeeAI\" width=\"100%\" height=\"\" data-width=\"100%\" data-height=\"\" data-ratio=\"16:9\" poster=\"http:\/\/i1.ytimg.com\/vi\/TTrspZkeeAI\/maxresdefault.jpg\" data-image=\"http:\/\/i1.ytimg.com\/vi\/TTrspZkeeAI\/maxresdefault.jpg\" style=\"width:100%;\" autoplay=\"autoplay\" controls=\"controls\" loop=\"loop\"><\/video><\/div><div class=\"column-1_2 sc_column_item sc_column_item_2 paddingleft even\"><div class=\"sc_section\" style=\"margin-top:2.05em !important;\"><div class=\"sc_section_inner\">[vc_column_text]Mil\u00ed \u017eiaci, rodi\u010dia, priatelia SZU\u0160 ART PEGAS,<\/p>\n<p><a href=\"http:\/\/www.bubnovashow.sk\/sk\/campana-batucada\/?fbclid=IwAR1wltF-QZe-USFDfCy7dijoVhZ4r5NPkiYMgpsNjkVjt63Jm14-4dPAUIY\" target=\"_blank\" rel=\"noopener nofollow noreferrer\" data-lynx-mode=\"asynclazy\" data-lynx-uri=\"https:\/\/l.facebook.com\/l.php?u=http%3A%2F%2Fwww.bubnovashow.sk%2Fsk%2Fcampana-batucada%2F%3Ffbclid%3DIwAR1wltF-QZe-USFDfCy7dijoVhZ4r5NPkiYMgpsNjkVjt63Jm14-4dPAUIY&amp;h=AT1I1EHGN0yNVlFBpSlMjGbVLPK2uMsVzK-nRLKrD4WW5Sr_RWWl07eCcYi0HVJJ2LtRiU30zPCzAsbJZO6lfwcmg9jsAP-DxKqW14cWbnvSPTkf3kk6PVy6eJ2oeVSo8g\">CAMPANA BATUCADA<\/a>&nbsp;\u2013 prv\u00e1 \u0161kola samby, bubnov\u00e1 show a dr\u017eite\u013eka ofici\u00e1lneho slovensk\u00e9ho rekordu \u2013 najv\u00e4\u010d\u0161\u00ed sambov\u00fd orchester na Slovensku (77 buben\u00edkov)&nbsp; v spolupr\u00e1ci s&nbsp;FS KOLOVRAT&nbsp;spolo\u010dne vyst\u00fapili v Nitre na Sv\u00e4toplukovom n\u00e1mest\u00ed na Campana feste!&nbsp;<\/p>\n<div dir=\"auto\">Sme radi, \u017ee sme mohli by\u0165 s\u00fa\u010das\u0165ou tohto skvel\u00e9ho festivalu.<\/div>\n<div dir=\"auto\">\u017deby slovensk\u00fd folkl\u00f3r a braz\u00edlska samba ne\u0161li dokopy? Mysl\u00edme, \u017ee opak je pravdou. Tu je d\u00f4kaz, \u017ee f\u00fazia t\u00fdchto dvoch \u017e\u00e1nrov je mo\u017en\u00e1 a znie fam\u00f3zne!<\/div>\n<p>Va\u0161a SZU\u0160 ART PEGAS&nbsp;[\/vc_column_text]<\/div><\/div><\/div><\/div><\/div>[\/vc_column][\/vc_row]<\/p>\n","protected":false},"excerpt":{"rendered":"<p>[vc_row][vc_column][\/vc_column][\/vc_row]<\/p>\n","protected":false},"author":1,"featured_media":0,"parent":0,"menu_order":0,"comment_status":"open","ping_status":"open","template":"","meta":{"ngg_post_thumbnail":0,"_links_to":"","_links_to_target":""},"_links":{"self":[{"href":"https:\/\/art-pegas.com\/nitra\/wp-json\/wp\/v2\/pages\/2442"}],"collection":[{"href":"https:\/\/art-pegas.com\/nitra\/wp-json\/wp\/v2\/pages"}],"about":[{"href":"https:\/\/art-pegas.com\/nitra\/wp-json\/wp\/v2\/types\/page"}],"author":[{"embeddable":true,"href":"https:\/\/art-pegas.com\/nitra\/wp-json\/wp\/v2\/users\/1"}],"replies":[{"embeddable":true,"href":"https:\/\/art-pegas.com\/nitra\/wp-json\/wp\/v2\/comments?post=2442"}],"version-history":[{"count":1,"href":"https:\/\/art-pegas.com\/nitra\/wp-json\/wp\/v2\/pages\/2442\/revisions"}],"predecessor-version":[{"id":2443,"href":"https:\/\/art-pegas.com\/nitra\/wp-json\/wp\/v2\/pages\/2442\/revisions\/2443"}],"wp:attachment":[{"href":"https:\/\/art-pegas.com\/nitra\/wp-json\/wp\/v2\/media?parent=2442"}],"curies":[{"name":"wp","href":"https:\/\/api.w.org\/{rel}","templated":true}]}}