{"id":2444,"date":"2021-12-23T11:48:32","date_gmt":"2021-12-23T10:48:32","guid":{"rendered":"http:\/\/art-pegas.com\/nitra\/?page_id=2444"},"modified":"2021-12-23T11:48:32","modified_gmt":"2021-12-23T10:48:32","slug":"fs-kolovrat-vianoce-21","status":"publish","type":"page","link":"https:\/\/art-pegas.com\/nitra\/fs-kolovrat-vianoce-21\/","title":{"rendered":"FS KOLOVRAT &#8211; Vianoce 2021"},"content":{"rendered":"<p>[vc_row][vc_column]<div class=\"sc_content content_wrap\" style=\"margin-top:5.45em !important;margin-bottom:5.35em !important;\"><div class=\"sc_line sc_line_style_solid\" style=\"border-top-style:solid;\"><\/div><div class=\"columns_wrap sc_columns columns_nofluid sc_columns_count_2 big_columns\"><div class=\"column-1_2 sc_column_item sc_column_item_1 odd first\"><video class=\"sc_video\" src=\"https:\/\/youtube.com\/embed\/cR7TiKTPTFA\" width=\"100%\" height=\"\" data-width=\"100%\" data-height=\"\" data-ratio=\"16:9\" poster=\"http:\/\/i1.ytimg.com\/vi\/cR7TiKTPTFA\/maxresdefault.jpg\" data-image=\"http:\/\/i1.ytimg.com\/vi\/cR7TiKTPTFA\/maxresdefault.jpg\" style=\"width:100%;\" autoplay=\"autoplay\" controls=\"controls\" loop=\"loop\"><\/video><\/div><div class=\"column-1_2 sc_column_item sc_column_item_2 paddingleft even\"><div class=\"sc_section\" style=\"margin-top:2.05em !important;\"><div class=\"sc_section_inner\">[vc_column_text]FS KOLOVRAT prin\u00e1\u0161a kr\u00e1sne video k Viano\u010dn\u00fdm sviatkom 2021.<\/p>\n<p>Ver\u00edme, \u017ee obdobie Vianoc pre\u017eijete v kruhu svojich najbli\u017e\u0161\u00edch, v zdrav\u00ed, \u0161\u0165ast\u00ed, l\u00e1ske a pohode. Nech Nov\u00fd rok 2022 prinesie mno\u017estvo nov\u00fdch, \u00faspe\u0161n\u00fdch za\u010diatkov, nov\u00fdch radostn\u00fdch pre\u017eit\u00ed a spokojnosti.<\/p>\n<p>\u0160\u0165astn\u00e9 a vesel\u00e9 \u017eel\u00e1 FS KOLOVRAT.<\/p>\n<p>SZU\u0160 ART PEGAS[\/vc_column_text]<\/div><\/div><\/div><\/div><\/div>[\/vc_column][\/vc_row]<\/p>\n","protected":false},"excerpt":{"rendered":"<p>[vc_row][vc_column][\/vc_column][\/vc_row]<\/p>\n","protected":false},"author":1,"featured_media":0,"parent":0,"menu_order":0,"comment_status":"open","ping_status":"open","template":"","meta":{"ngg_post_thumbnail":0,"_links_to":"","_links_to_target":""},"_links":{"self":[{"href":"https:\/\/art-pegas.com\/nitra\/wp-json\/wp\/v2\/pages\/2444"}],"collection":[{"href":"https:\/\/art-pegas.com\/nitra\/wp-json\/wp\/v2\/pages"}],"about":[{"href":"https:\/\/art-pegas.com\/nitra\/wp-json\/wp\/v2\/types\/page"}],"author":[{"embeddable":true,"href":"https:\/\/art-pegas.com\/nitra\/wp-json\/wp\/v2\/users\/1"}],"replies":[{"embeddable":true,"href":"https:\/\/art-pegas.com\/nitra\/wp-json\/wp\/v2\/comments?post=2444"}],"version-history":[{"count":1,"href":"https:\/\/art-pegas.com\/nitra\/wp-json\/wp\/v2\/pages\/2444\/revisions"}],"predecessor-version":[{"id":2445,"href":"https:\/\/art-pegas.com\/nitra\/wp-json\/wp\/v2\/pages\/2444\/revisions\/2445"}],"wp:attachment":[{"href":"https:\/\/art-pegas.com\/nitra\/wp-json\/wp\/v2\/media?parent=2444"}],"curies":[{"name":"wp","href":"https:\/\/api.w.org\/{rel}","templated":true}]}}