{"id":2572,"date":"2023-05-12T11:07:10","date_gmt":"2023-05-12T09:07:10","guid":{"rendered":"http:\/\/art-pegas.com\/nitra\/?page_id=2572"},"modified":"2026-04-26T14:56:17","modified_gmt":"2026-04-26T12:56:17","slug":"gratulujeme","status":"publish","type":"page","link":"https:\/\/art-pegas.com\/nitra\/gratulujeme\/","title":{"rendered":"Gratulujeme"},"content":{"rendered":"<p><span style=\"color: #000000;\">Gratulujeme na\u0161ej \u0161tudentke Vivien Ku\u010derovej pod veden\u00edm Moniky Slodi\u010dkovej, za v\u00fdborn\u00e9 strieborn\u00e9 p\u00e1smo v kateg\u00f3rii A3 <\/span><\/p>\n<p><span style=\"color: #000000;\">na s\u00fa\u0165a\u017ei KREMNICK\u00c9 LASO 2026.<\/span><\/p>\n<p><img loading=\"lazy\" class=\"alignnone  wp-image-3188\" src=\"http:\/\/art-pegas.com\/nitra\/wp-content\/uploads\/2026\/04\/IMG-20260423-WA0005.jpg\" alt=\"\" width=\"438\" height=\"584\" srcset=\"https:\/\/art-pegas.com\/nitra\/wp-content\/uploads\/2026\/04\/IMG-20260423-WA0005.jpg 1200w, https:\/\/art-pegas.com\/nitra\/wp-content\/uploads\/2026\/04\/IMG-20260423-WA0005-225x300.jpg 225w, https:\/\/art-pegas.com\/nitra\/wp-content\/uploads\/2026\/04\/IMG-20260423-WA0005-768x1024.jpg 768w, https:\/\/art-pegas.com\/nitra\/wp-content\/uploads\/2026\/04\/IMG-20260423-WA0005-1152x1536.jpg 1152w, https:\/\/art-pegas.com\/nitra\/wp-content\/uploads\/2026\/04\/IMG-20260423-WA0005-1170x1560.jpg 1170w, https:\/\/art-pegas.com\/nitra\/wp-content\/uploads\/2026\/04\/IMG-20260423-WA0005-370x493.jpg 370w, https:\/\/art-pegas.com\/nitra\/wp-content\/uploads\/2026\/04\/IMG-20260423-WA0005-870x1160.jpg 870w, https:\/\/art-pegas.com\/nitra\/wp-content\/uploads\/2026\/04\/IMG-20260423-WA0005-390x520.jpg 390w, https:\/\/art-pegas.com\/nitra\/wp-content\/uploads\/2026\/04\/IMG-20260423-WA0005-300x400.jpg 300w, https:\/\/art-pegas.com\/nitra\/wp-content\/uploads\/2026\/04\/IMG-20260423-WA0005-600x800.jpg 600w\" sizes=\"(max-width: 438px) 100vw, 438px\" \/><\/p>\n<p>&nbsp;<\/p>\n","protected":false},"excerpt":{"rendered":"<p>Gratulujeme na\u0161ej \u0161tudentke Vivien Ku\u010derovej pod veden\u00edm Moniky Slodi\u010dkovej, za v\u00fdborn\u00e9 strieborn\u00e9 p\u00e1smo v kateg\u00f3rii A3 na s\u00fa\u0165a\u017ei KREMNICK\u00c9 LASO 2026. &nbsp;<\/p>\n","protected":false},"author":1,"featured_media":0,"parent":0,"menu_order":0,"comment_status":"closed","ping_status":"closed","template":"","meta":{"ngg_post_thumbnail":0,"_links_to":"","_links_to_target":""},"_links":{"self":[{"href":"https:\/\/art-pegas.com\/nitra\/wp-json\/wp\/v2\/pages\/2572"}],"collection":[{"href":"https:\/\/art-pegas.com\/nitra\/wp-json\/wp\/v2\/pages"}],"about":[{"href":"https:\/\/art-pegas.com\/nitra\/wp-json\/wp\/v2\/types\/page"}],"author":[{"embeddable":true,"href":"https:\/\/art-pegas.com\/nitra\/wp-json\/wp\/v2\/users\/1"}],"replies":[{"embeddable":true,"href":"https:\/\/art-pegas.com\/nitra\/wp-json\/wp\/v2\/comments?post=2572"}],"version-history":[{"count":7,"href":"https:\/\/art-pegas.com\/nitra\/wp-json\/wp\/v2\/pages\/2572\/revisions"}],"predecessor-version":[{"id":3189,"href":"https:\/\/art-pegas.com\/nitra\/wp-json\/wp\/v2\/pages\/2572\/revisions\/3189"}],"wp:attachment":[{"href":"https:\/\/art-pegas.com\/nitra\/wp-json\/wp\/v2\/media?parent=2572"}],"curies":[{"name":"wp","href":"https:\/\/api.w.org\/{rel}","templated":true}]}}