{"id":28,"date":"2015-07-20T11:57:35","date_gmt":"2015-07-20T11:57:35","guid":{"rendered":"http:\/\/art-pegas.com\/nitra\/?page_id=28"},"modified":"2022-10-31T09:19:25","modified_gmt":"2022-10-31T08:19:25","slug":"kontakt","status":"publish","type":"page","link":"https:\/\/art-pegas.com\/nitra\/kontakt\/","title":{"rendered":"Kontakt"},"content":{"rendered":"<p>[vc_row][vc_column el_class=&#8220;with_adr&#8220;]<div id=\"sc_googlemap_12513137\" class=\"sc_googlemap\" style=\"width:100%;height:24.5em;\" data-zoom=\"16\" data-style=\"style3\"><iframe src=\"https:\/\/maps.google.com\/maps?t=m&output=embed&iwloc=near&z=16&q=SZU%C5%A0+ART+PEGAS%2C+%C5%A0tef%C3%A1nikova+trieda+140%2C+949+01+Nitra\" scrolling=\"no\" marginheight=\"0\" marginwidth=\"0\" frameborder=\"0\" aria-label=\"Nav\u0161t\u00edv n\u00e1s!\"><\/iframe><\/div><div class=\"sc_section scheme_original\"><div class=\"sc_section_inner\"><ul class=\"sc_list sc_list_style_iconed\" style=\"font-weight: 400;\"><li class=\"sc_list_item odd first\"><span class=\"sc_list_icon icon-location-1\" style=\"color:#ffffff;\"><\/span><\/p>\n<h5><strong><span style=\"color: #ff6600;\">Art Pegas<\/span><\/strong><\/h5>\n<h5><span style=\"color: #333333;\">S\u00fakromn\u00e1 z\u00e1kladn\u00e1 umeleck\u00e1 \u0161kola<\/span><\/h5>\n<h5><span style=\"color: #333333;\">Str\u00e1nkov\u00e9 hodiny: STREDA od 13:00 do 18:00 hod., \u0160tef\u00e1nikov\u00e1 140, Nitra<\/span><\/h5>\n<p><\/li><li class=\"sc_list_item even\" title=\"+421 (0)910 850 022\"><span class=\"sc_list_icon icon-phone-1\" style=\"color:#ffffff;\"><\/span><\/p>\n<h5><span style=\"color: #ff6600;\"><b>Kontaktn\u00e9 \u010d\u00edsla<\/b><\/span><\/h5>\n<h5><b><span style=\"color: #ff6600;\">Sekretari\u00e1t<\/span> <span style=\"color: #333333;\">&#8211; <\/span><\/b><span style=\"color: #333333;\"><b>0904 979 466<\/b><\/span><\/h5>\n<p>&nbsp;<\/li><li class=\"sc_list_item odd\"><a href=\"mailto:artpegas.nitra@gmail.com\"><span class=\"sc_list_icon icon-mail\" style=\"color:#ffffff;\"><\/span><\/p>\n<h5><span style=\"color: #ff6600;\"><b><a style=\"color: #ff6600;\" href=\"mailto:artpegas.nitra@gmail.com\" target=\"_blank\" rel=\"noopener noreferrer\">artpegas.nitra@gmail.com<\/a>&nbsp;<\/b><\/span><\/h5>\n<div id=\"gtx-trans\" style=\"position: absolute; left: -46px; top: -4.225px;\">\n<div class=\"gtx-trans-icon\">&nbsp;<\/div>\n<\/div>\n<p><\/a><\/li><\/ul><\/div><\/div>[\/vc_column][\/vc_row][vc_row][vc_column]<div class=\"sc_content content_wrap\" style=\"margin-top:5.55em !important;margin-bottom:5.55em !important;\"><div class=\"columns_wrap sc_columns columns_nofluid sc_columns_count_4\"><div class=\"column-1_4 sc_column_item sc_column_item_1 odd first\"><h2 class=\"sc_title sc_title_regular\" style=\"line-height: 1em;\">Kontaktuj n\u00e1s<\/p>\n<div id=\"gtx-trans\" style=\"position: absolute; left: -66px; top: 37.8px;\">\n<div class=\"gtx-trans-icon\">&nbsp;<\/div>\n<\/div>\n<p><\/h2><\/div><div class=\"column-3_4 sc_column_item sc_column_item_2 even span_3\"><div role=\"form\" class=\"wpcf7\" id=\"wpcf7-f1201-o1\" lang=\"en-US\" dir=\"ltr\">\n<div class=\"screen-reader-response\" role=\"alert\" aria-live=\"polite\"><\/div>\n<form action=\"\/nitra\/wp-json\/wp\/v2\/pages\/28#wpcf7-f1201-o1\" method=\"post\" class=\"wpcf7-form init\" novalidate=\"novalidate\">\n<div style=\"display: none;\">\n<input type=\"hidden\" name=\"_wpcf7\" value=\"1201\" \/>\n<input type=\"hidden\" name=\"_wpcf7_version\" value=\"5.2.2\" \/>\n<input type=\"hidden\" name=\"_wpcf7_locale\" value=\"en_US\" \/>\n<input type=\"hidden\" name=\"_wpcf7_unit_tag\" value=\"wpcf7-f1201-o1\" \/>\n<input type=\"hidden\" name=\"_wpcf7_container_post\" value=\"0\" \/>\n<input type=\"hidden\" name=\"_wpcf7_posted_data_hash\" value=\"\" \/>\n<\/div>\n<div class=\"contact_us sc_contact_form\">\n<div class=\"sc_contact_form_message\">\n<div class=\"flex\">\n<div class='itm row' ><span class=\"wpcf7-form-control-wrap your-name\"><input type=\"text\" name=\"your-name\" value=\"\" size=\"40\" class=\"wpcf7-form-control wpcf7-text wpcf7-validates-as-required\" aria-required=\"true\" aria-invalid=\"false\" placeholder=\"Meno a priezvisko*\" \/><\/span><\/div>\n<div class='itm row'><span class=\"wpcf7-form-control-wrap your-email\"><input type=\"email\" name=\"your-email\" value=\"\" size=\"40\" class=\"wpcf7-form-control wpcf7-text wpcf7-email wpcf7-validates-as-required wpcf7-validates-as-email\" aria-required=\"true\" aria-invalid=\"false\" placeholder=\"E-mail*\" \/><\/span><\/div>\n<\/div>\n<div class=''><span class=\"wpcf7-form-control-wrap your-message\"><textarea name=\"your-message\" cols=\"40\" rows=\"10\" class=\"wpcf7-form-control wpcf7-textarea wpcf7-validates-as-required\" aria-required=\"true\" aria-invalid=\"false\" placeholder=\"Spr\u00e1va*\"><\/textarea><\/span><\/div>\n<\/div>\n<div class=\"sc_form_field sc_form_field_button sc_form_field_submit sc_contact_form_button\"><input type=\"submit\" value=\"Odosla\u0165\" class=\"wpcf7-form-control wpcf7-submit\" \/><\/div>\n<\/div>\n<div class=\"wpcf7-response-output\" role=\"alert\" aria-hidden=\"true\"><\/div><\/form><\/div><\/div><\/div><\/div>[\/vc_column][\/vc_row]<\/p>\n","protected":false},"excerpt":{"rendered":"<p>[vc_row][vc_column el_class=&#8220;with_adr&#8220;][\/vc_column][\/vc_row][vc_row][vc_column][\/vc_column][\/vc_row]<\/p>\n","protected":false},"author":1,"featured_media":0,"parent":0,"menu_order":0,"comment_status":"open","ping_status":"open","template":"","meta":{"ngg_post_thumbnail":0,"_links_to":"","_links_to_target":""},"_links":{"self":[{"href":"https:\/\/art-pegas.com\/nitra\/wp-json\/wp\/v2\/pages\/28"}],"collection":[{"href":"https:\/\/art-pegas.com\/nitra\/wp-json\/wp\/v2\/pages"}],"about":[{"href":"https:\/\/art-pegas.com\/nitra\/wp-json\/wp\/v2\/types\/page"}],"author":[{"embeddable":true,"href":"https:\/\/art-pegas.com\/nitra\/wp-json\/wp\/v2\/users\/1"}],"replies":[{"embeddable":true,"href":"https:\/\/art-pegas.com\/nitra\/wp-json\/wp\/v2\/comments?post=28"}],"version-history":[{"count":37,"href":"https:\/\/art-pegas.com\/nitra\/wp-json\/wp\/v2\/pages\/28\/revisions"}],"predecessor-version":[{"id":2536,"href":"https:\/\/art-pegas.com\/nitra\/wp-json\/wp\/v2\/pages\/28\/revisions\/2536"}],"wp:attachment":[{"href":"https:\/\/art-pegas.com\/nitra\/wp-json\/wp\/v2\/media?parent=28"}],"curies":[{"name":"wp","href":"https:\/\/api.w.org\/{rel}","templated":true}]}}