{"id":3171,"date":"2026-03-18T16:39:38","date_gmt":"2026-03-18T15:39:38","guid":{"rendered":"http:\/\/art-pegas.com\/nitra\/?page_id=3171"},"modified":"2026-04-27T13:44:12","modified_gmt":"2026-04-27T11:44:12","slug":"farebny-svet","status":"publish","type":"page","link":"https:\/\/art-pegas.com\/nitra\/farebny-svet\/","title":{"rendered":"Pozv\u00e1nka na vernis\u00e1\u017e"},"content":{"rendered":"<h3>&nbsp;<\/h3>\n<hr>\n<h3>&nbsp;<\/h3>\n","protected":false},"excerpt":{"rendered":"<p>&nbsp; &nbsp;<\/p>\n","protected":false},"author":1,"featured_media":3193,"parent":0,"menu_order":0,"comment_status":"open","ping_status":"open","template":"","meta":{"ngg_post_thumbnail":0,"_links_to":"","_links_to_target":""},"_links":{"self":[{"href":"https:\/\/art-pegas.com\/nitra\/wp-json\/wp\/v2\/pages\/3171"}],"collection":[{"href":"https:\/\/art-pegas.com\/nitra\/wp-json\/wp\/v2\/pages"}],"about":[{"href":"https:\/\/art-pegas.com\/nitra\/wp-json\/wp\/v2\/types\/page"}],"author":[{"embeddable":true,"href":"https:\/\/art-pegas.com\/nitra\/wp-json\/wp\/v2\/users\/1"}],"replies":[{"embeddable":true,"href":"https:\/\/art-pegas.com\/nitra\/wp-json\/wp\/v2\/comments?post=3171"}],"version-history":[{"count":4,"href":"https:\/\/art-pegas.com\/nitra\/wp-json\/wp\/v2\/pages\/3171\/revisions"}],"predecessor-version":[{"id":3184,"href":"https:\/\/art-pegas.com\/nitra\/wp-json\/wp\/v2\/pages\/3171\/revisions\/3184"}],"wp:featuredmedia":[{"embeddable":true,"href":"https:\/\/art-pegas.com\/nitra\/wp-json\/wp\/v2\/media\/3193"}],"wp:attachment":[{"href":"https:\/\/art-pegas.com\/nitra\/wp-json\/wp\/v2\/media?parent=3171"}],"curies":[{"name":"wp","href":"https:\/\/api.w.org\/{rel}","templated":true}]}}